{"id":241,"date":"2014-12-08T22:19:30","date_gmt":"2014-12-08T21:19:30","guid":{"rendered":"http:\/\/localhost\/cimelice\/?page_id=60"},"modified":"2024-06-05T15:12:20","modified_gmt":"2024-06-05T14:12:20","slug":"spsf","status":"publish","type":"page","link":"https:\/\/www.spsf.cz\/","title":{"rendered":"\u010cimelick\u00fd z\u00e1mek"},"content":{"rendered":"<p>&nbsp;<\/p>\n<p style=\"text-align: center;\"><strong>V\u00edtejte na str\u00e1nk\u00e1ch <\/strong><strong>b\u00fdval\u00fdch spolu\u017e\u00e1k\u016f z ji\u017e zru\u0161en\u00e9 st\u0159edn\u00ed \u0161koly um\u00edst\u011bn\u00e9 v obci \u010cimelice, kter\u00e1 se nach\u00e1z\u00ed v malebn\u00e9 jiho\u010desk\u00e9 krajin\u011b pln\u00e9 rybn\u00edk\u016f a les\u016f p\u0159\u00edmo na hlavn\u00ed <\/strong><a href=\"https:\/\/www.spsf.cz\/wp-content\/uploads\/2014\/12\/cimelice_destnik.jpg\"><img loading=\"lazy\" decoding=\"async\" class=\"wp-image-425 alignright\" src=\"https:\/\/www.spsf.cz\/wp-content\/uploads\/2014\/12\/cimelice_destnik-300x225.jpg\" alt=\"cimelice_destnik\" width=\"359\" height=\"269\" srcset=\"https:\/\/www.spsf.cz\/wp-content\/uploads\/2014\/12\/cimelice_destnik-300x225.jpg 300w, https:\/\/www.spsf.cz\/wp-content\/uploads\/2014\/12\/cimelice_destnik.jpg 640w\" sizes=\"auto, (max-width: 359px) 100vw, 359px\" \/><\/a><strong>cest\u011b z Prahy na P\u00edsek, kde v okol\u00ed jsou&nbsp; historicky zaj\u00edmav\u00e9 pam\u00e1tky jako je z\u00e1mek Orl\u00edk a hrad Zv\u00edkov a nebo mal\u00fd pam\u00e1tn\u00edk konce II. sv\u011btov\u00e9 v\u00e1lky p\u0159i v\u00fdjezdu z obce. N\u011bkdy je tak\u00e9 do okol\u00ed umis\u0165ov\u00e1n odkaz na Marobudovo s\u00eddlo. <\/strong><\/p>\n<p style=\"text-align: center;\"><strong>&nbsp;&nbsp;&nbsp;&nbsp;&nbsp;&nbsp; Tak\u00e9 je nutno vzpomenout na \u010dimelick\u00fd z\u00e1mek, kde byla dlouhou dobu um\u00edst\u011bna na\u0161e \u0161kola. Pod n\u00e1zvem St\u0159edn\u00ed pr\u016fmyslov\u00e1 \u0161kola filmov\u00e1 zde prob\u00edhala v\u00fduka pro takov\u00e9 profese, kter\u00e9 byly a jsou pot\u0159eba ve filmov\u00e9, televizn\u00ed, ale i rozhlasov\u00e9 a divadeln\u00ed tvorb\u011b v podob\u011b organiza\u010dn\u00edch a technick\u00fdch pracovn\u00edk\u016f. Co z n\u00e1zvu nen\u00ed patrn\u00e9 a podstatn\u011b chyb\u00ed na dopln\u011bn\u00ed je, \u017ee zde \u017eila po\u010detn\u00e1 skupina mlad\u00fdch lid\u00ed z cel\u00e9ho b\u00fdval\u00e9ho \u010ceskoslovenska ve vlastn\u00edm studentsk\u00e9m sv\u011bt\u011b v\u017edy po dobu \u010dty\u0159let\u00e9ho studia. Jejich \u017eivotn\u00ed osudy se nesna\u017e\u00edme na t\u011bchto str\u00e1nk\u00e1ch popsat, ale pouze umo\u017enit n\u00e1m i v\u00e1m vz\u00e1jemn\u00e9 propojen\u00ed.<\/strong><\/p>\n<p>&nbsp;<\/p>\n<p>&nbsp;<\/p>\n<p>&nbsp;<\/p>\n<p>&nbsp;<\/p>\n<p>&nbsp;<\/p>\n","protected":false},"excerpt":{"rendered":"<p>&nbsp; V\u00edtejte na str\u00e1nk\u00e1ch b\u00fdval\u00fdch spolu\u017e\u00e1k\u016f z ji\u017e zru\u0161en\u00e9 st\u0159edn\u00ed \u0161koly um\u00edst\u011bn\u00e9 v obci \u010cimelice, kter\u00e1 se nach\u00e1z\u00ed v malebn\u00e9 jiho\u010desk\u00e9 krajin\u011b pln\u00e9 rybn\u00edk\u016f a les\u016f p\u0159\u00edmo na hlavn\u00ed cest\u011b z Prahy na P\u00edsek, kde v okol\u00ed jsou&nbsp; historicky zaj\u00edmav\u00e9 pam\u00e1tky jako je z\u00e1mek Orl\u00edk a hrad Zv\u00edkov a nebo mal\u00fd pam\u00e1tn\u00edk konce II. sv\u011btov\u00e9<a class=\"more-link\" href=\"https:\/\/www.spsf.cz\/\">Read more -><\/a><\/p>\n","protected":false},"author":1,"featured_media":0,"parent":0,"menu_order":0,"comment_status":"closed","ping_status":"closed","template":"","meta":{"ngg_post_thumbnail":0,"footnotes":""},"class_list":["post-241","page","type-page","status-publish","hentry"],"_links":{"self":[{"href":"https:\/\/www.spsf.cz\/index.php?rest_route=\/wp\/v2\/pages\/241","targetHints":{"allow":["GET"]}}],"collection":[{"href":"https:\/\/www.spsf.cz\/index.php?rest_route=\/wp\/v2\/pages"}],"about":[{"href":"https:\/\/www.spsf.cz\/index.php?rest_route=\/wp\/v2\/types\/page"}],"author":[{"embeddable":true,"href":"https:\/\/www.spsf.cz\/index.php?rest_route=\/wp\/v2\/users\/1"}],"replies":[{"embeddable":true,"href":"https:\/\/www.spsf.cz\/index.php?rest_route=%2Fwp%2Fv2%2Fcomments&post=241"}],"version-history":[{"count":11,"href":"https:\/\/www.spsf.cz\/index.php?rest_route=\/wp\/v2\/pages\/241\/revisions"}],"predecessor-version":[{"id":9630,"href":"https:\/\/www.spsf.cz\/index.php?rest_route=\/wp\/v2\/pages\/241\/revisions\/9630"}],"wp:attachment":[{"href":"https:\/\/www.spsf.cz\/index.php?rest_route=%2Fwp%2Fv2%2Fmedia&parent=241"}],"curies":[{"name":"wp","href":"https:\/\/api.w.org\/{rel}","templated":true}]}}