{"id":244,"date":"2015-02-03T14:34:10","date_gmt":"2015-02-03T12:34:10","guid":{"rendered":"http:\/\/localhost\/cimelice\/?page_id=116"},"modified":"2016-02-22T14:08:57","modified_gmt":"2016-02-22T13:08:57","slug":"archivni-material","status":"publish","type":"page","link":"https:\/\/www.spsf.cz\/?page_id=244","title":{"rendered":"Fundus od spolu\u017e\u00e1k\u016f"},"content":{"rendered":"<p><em>P\u0159\u00edsp\u011bvky od na\u0161ich spolu\u017e\u00e1k\u016f<\/em><\/p>\n<p><a href=\"https:\/\/www.spsf.cz\/wp-content\/uploads\/2015\/02\/cimelice_bisinger.jpg\"><img loading=\"lazy\" decoding=\"async\" class=\" wp-image-463 aligncenter\" src=\"https:\/\/www.spsf.cz\/wp-content\/uploads\/2015\/02\/cimelice_bisinger-300x225.jpg\" alt=\"cimelice_bisinger\" width=\"413\" height=\"310\" srcset=\"https:\/\/www.spsf.cz\/wp-content\/uploads\/2015\/02\/cimelice_bisinger-300x225.jpg 300w, https:\/\/www.spsf.cz\/wp-content\/uploads\/2015\/02\/cimelice_bisinger.jpg 640w\" sizes=\"auto, (max-width: 413px) 100vw, 413px\" \/><\/a><\/p>\n","protected":false},"excerpt":{"rendered":"<p>P\u0159\u00edsp\u011bvky od na\u0161ich spolu\u017e\u00e1k\u016f<\/p>\n","protected":false},"author":1,"featured_media":0,"parent":241,"menu_order":3,"comment_status":"closed","ping_status":"closed","template":"","meta":{"ngg_post_thumbnail":0,"footnotes":""},"class_list":["post-244","page","type-page","status-publish","hentry"],"_links":{"self":[{"href":"https:\/\/www.spsf.cz\/index.php?rest_route=\/wp\/v2\/pages\/244","targetHints":{"allow":["GET"]}}],"collection":[{"href":"https:\/\/www.spsf.cz\/index.php?rest_route=\/wp\/v2\/pages"}],"about":[{"href":"https:\/\/www.spsf.cz\/index.php?rest_route=\/wp\/v2\/types\/page"}],"author":[{"embeddable":true,"href":"https:\/\/www.spsf.cz\/index.php?rest_route=\/wp\/v2\/users\/1"}],"replies":[{"embeddable":true,"href":"https:\/\/www.spsf.cz\/index.php?rest_route=%2Fwp%2Fv2%2Fcomments&post=244"}],"version-history":[{"count":7,"href":"https:\/\/www.spsf.cz\/index.php?rest_route=\/wp\/v2\/pages\/244\/revisions"}],"predecessor-version":[{"id":5406,"href":"https:\/\/www.spsf.cz\/index.php?rest_route=\/wp\/v2\/pages\/244\/revisions\/5406"}],"up":[{"embeddable":true,"href":"https:\/\/www.spsf.cz\/index.php?rest_route=\/wp\/v2\/pages\/241"}],"wp:attachment":[{"href":"https:\/\/www.spsf.cz\/index.php?rest_route=%2Fwp%2Fv2%2Fmedia&parent=244"}],"curies":[{"name":"wp","href":"https:\/\/api.w.org\/{rel}","templated":true}]}}