{"id":2457,"date":"2015-12-28T16:47:41","date_gmt":"2015-12-28T15:47:41","guid":{"rendered":"http:\/\/www.spsf.cz\/?page_id=2457"},"modified":"2022-03-05T12:32:13","modified_gmt":"2022-03-05T11:32:13","slug":"j-polak-foto-2013-2","status":"publish","type":"page","link":"https:\/\/www.spsf.cz\/?page_id=2457","title":{"rendered":"J. Pol\u00e1k 13"},"content":{"rendered":"<p>Ro\u010dn\u00edk 1973 m\u011bl setkan\u00ed po 40 letech<\/p>\nngg_shortcode_0_placeholder\n<p>&nbsp;<\/p>\n","protected":false},"excerpt":{"rendered":"<p>Ro\u010dn\u00edk 1973 m\u011bl setkan\u00ed po 40 letech &nbsp;<\/p>\n","protected":false},"author":1,"featured_media":0,"parent":2136,"menu_order":0,"comment_status":"closed","ping_status":"closed","template":"","meta":{"ngg_post_thumbnail":0,"footnotes":""},"class_list":["post-2457","page","type-page","status-publish","hentry"],"_links":{"self":[{"href":"https:\/\/www.spsf.cz\/index.php?rest_route=\/wp\/v2\/pages\/2457","targetHints":{"allow":["GET"]}}],"collection":[{"href":"https:\/\/www.spsf.cz\/index.php?rest_route=\/wp\/v2\/pages"}],"about":[{"href":"https:\/\/www.spsf.cz\/index.php?rest_route=\/wp\/v2\/types\/page"}],"author":[{"embeddable":true,"href":"https:\/\/www.spsf.cz\/index.php?rest_route=\/wp\/v2\/users\/1"}],"replies":[{"embeddable":true,"href":"https:\/\/www.spsf.cz\/index.php?rest_route=%2Fwp%2Fv2%2Fcomments&post=2457"}],"version-history":[{"count":8,"href":"https:\/\/www.spsf.cz\/index.php?rest_route=\/wp\/v2\/pages\/2457\/revisions"}],"predecessor-version":[{"id":3394,"href":"https:\/\/www.spsf.cz\/index.php?rest_route=\/wp\/v2\/pages\/2457\/revisions\/3394"}],"up":[{"embeddable":true,"href":"https:\/\/www.spsf.cz\/index.php?rest_route=\/wp\/v2\/pages\/2136"}],"wp:attachment":[{"href":"https:\/\/www.spsf.cz\/index.php?rest_route=%2Fwp%2Fv2%2Fmedia&parent=2457"}],"curies":[{"name":"wp","href":"https:\/\/api.w.org\/{rel}","templated":true}]}}