{"id":255,"date":"2015-09-16T11:44:31","date_gmt":"2015-09-16T09:44:31","guid":{"rendered":"http:\/\/localhost\/cimelice\/?page_id=79"},"modified":"2023-01-21T11:27:10","modified_gmt":"2023-01-21T10:27:10","slug":"skolni-informace","status":"publish","type":"page","link":"https:\/\/www.spsf.cz\/?page_id=255","title":{"rendered":"\u0161koln\u00ed informace"},"content":{"rendered":"<pre>&nbsp;<\/pre>\n<p>&nbsp;<\/p>\n<p>&nbsp;<\/p>\n\n\n<figure class=\"wp-block-image size-full\"><a href=\"https:\/\/www.spsf.cz\/wp-content\/uploads\/2015\/10\/zamek1.jpg\"><img loading=\"lazy\" decoding=\"async\" width=\"512\" height=\"384\" src=\"https:\/\/www.spsf.cz\/wp-content\/uploads\/2015\/10\/zamek1.jpg\" alt=\"\" class=\"wp-image-5\" srcset=\"https:\/\/www.spsf.cz\/wp-content\/uploads\/2015\/10\/zamek1.jpg 512w, https:\/\/www.spsf.cz\/wp-content\/uploads\/2015\/10\/zamek1-300x225.jpg 300w\" sizes=\"auto, (max-width: 512px) 100vw, 512px\" \/><\/a><\/figure>\n\n\n\n<p><em>\u010dimelick\u00fd z\u00e1mek od Rakovic<\/em><\/p>\n","protected":false},"excerpt":{"rendered":"<p>&nbsp; &nbsp; &nbsp; \u010dimelick\u00fd z\u00e1mek od Rakovic<\/p>\n","protected":false},"author":1,"featured_media":0,"parent":241,"menu_order":1,"comment_status":"closed","ping_status":"closed","template":"layouts\/page-no-sidebar.php","meta":{"ngg_post_thumbnail":0,"footnotes":""},"class_list":["post-255","page","type-page","status-publish","hentry"],"_links":{"self":[{"href":"https:\/\/www.spsf.cz\/index.php?rest_route=\/wp\/v2\/pages\/255","targetHints":{"allow":["GET"]}}],"collection":[{"href":"https:\/\/www.spsf.cz\/index.php?rest_route=\/wp\/v2\/pages"}],"about":[{"href":"https:\/\/www.spsf.cz\/index.php?rest_route=\/wp\/v2\/types\/page"}],"author":[{"embeddable":true,"href":"https:\/\/www.spsf.cz\/index.php?rest_route=\/wp\/v2\/users\/1"}],"replies":[{"embeddable":true,"href":"https:\/\/www.spsf.cz\/index.php?rest_route=%2Fwp%2Fv2%2Fcomments&post=255"}],"version-history":[{"count":2,"href":"https:\/\/www.spsf.cz\/index.php?rest_route=\/wp\/v2\/pages\/255\/revisions"}],"predecessor-version":[{"id":9593,"href":"https:\/\/www.spsf.cz\/index.php?rest_route=\/wp\/v2\/pages\/255\/revisions\/9593"}],"up":[{"embeddable":true,"href":"https:\/\/www.spsf.cz\/index.php?rest_route=\/wp\/v2\/pages\/241"}],"wp:attachment":[{"href":"https:\/\/www.spsf.cz\/index.php?rest_route=%2Fwp%2Fv2%2Fmedia&parent=255"}],"curies":[{"name":"wp","href":"https:\/\/api.w.org\/{rel}","templated":true}]}}