{"id":397,"date":"2015-10-16T08:58:58","date_gmt":"2015-10-16T06:58:58","guid":{"rendered":"http:\/\/localhost\/cimelice\/?page_id=397"},"modified":"2025-11-25T18:04:30","modified_gmt":"2025-11-25T17:04:30","slug":"terminy-sletu","status":"publish","type":"page","link":"https:\/\/www.spsf.cz\/?page_id=397","title":{"rendered":"Term\u00edny Slet\u016f"},"content":{"rendered":"<h3 style=\"padding-left: 30px;\">Term\u00edny V\u0161eabsolventsk\u00fdch slet\u016f v \u010cimelic\u00edch<\/h3>\n<hr>\n<h4 style=\"padding-left: 30px;\">&nbsp;&nbsp; &nbsp; Slety se konaj\u00ed v\u017edy T\u0158ET\u00cd sobotu v \u010dervnu v \u010cimelic\u00edch s programem a hlavn\u00edm srazem v restauraci Na Hv\u00ed\u017e\u010falce.<\/h4>\n<h2 style=\"padding-left: 30px;\">Nyn\u00ed bude n\u00e1sledovat term\u00edn<span style=\"color: #0000ff;\"><strong>&nbsp; &nbsp;<span style=\"color: #00ff00;\">20.6.2026<\/span>, 19.6.2027, 17.6.2028,&nbsp; 16.6.2029, 15.6.2030 &#8230;.<br \/>\n<\/strong><\/span><\/h2>\n<p><span style=\"color: #008000;\">Zvuk zvon\u016f z \u010dimelick\u00e9ho kostela<\/span><\/p>\n<audio class=\"wp-audio-shortcode\" id=\"audio-397-1\" preload=\"none\" style=\"width: 100%;\" controls=\"controls\"><source type=\"audio\/mpeg\" src=\"https:\/\/www.spsf.cz\/wp-content\/uploads\/2015\/10\/cimzvony.mp3?_=1\" \/><a href=\"https:\/\/www.spsf.cz\/wp-content\/uploads\/2015\/10\/cimzvony.mp3\">https:\/\/www.spsf.cz\/wp-content\/uploads\/2015\/10\/cimzvony.mp3<\/a><\/audio>\n<h4 style=\"padding-left: 30px;\">&nbsp;&nbsp;&nbsp; <span style=\"color: #0000ff;\"><strong><br \/>\n<\/strong><\/span><\/h4>\n","protected":false},"excerpt":{"rendered":"<p>Term\u00edny V\u0161eabsolventsk\u00fdch slet\u016f v \u010cimelic\u00edch &nbsp;&nbsp; &nbsp; Slety se konaj\u00ed v\u017edy T\u0158ET\u00cd sobotu v \u010dervnu v \u010cimelic\u00edch s programem a hlavn\u00edm srazem v restauraci Na Hv\u00ed\u017e\u010falce. Nyn\u00ed bude n\u00e1sledovat term\u00edn&nbsp; &nbsp;20.6.2026, 19.6.2027, 17.6.2028,&nbsp; 16.6.2029, 15.6.2030 &#8230;. Zvuk zvon\u016f z \u010dimelick\u00e9ho kostela &nbsp;&nbsp;&nbsp;<\/p>\n","protected":false},"author":1,"featured_media":0,"parent":255,"menu_order":0,"comment_status":"closed","ping_status":"closed","template":"","meta":{"ngg_post_thumbnail":0,"footnotes":""},"class_list":["post-397","page","type-page","status-publish","hentry"],"_links":{"self":[{"href":"https:\/\/www.spsf.cz\/index.php?rest_route=\/wp\/v2\/pages\/397","targetHints":{"allow":["GET"]}}],"collection":[{"href":"https:\/\/www.spsf.cz\/index.php?rest_route=\/wp\/v2\/pages"}],"about":[{"href":"https:\/\/www.spsf.cz\/index.php?rest_route=\/wp\/v2\/types\/page"}],"author":[{"embeddable":true,"href":"https:\/\/www.spsf.cz\/index.php?rest_route=\/wp\/v2\/users\/1"}],"replies":[{"embeddable":true,"href":"https:\/\/www.spsf.cz\/index.php?rest_route=%2Fwp%2Fv2%2Fcomments&post=397"}],"version-history":[{"count":16,"href":"https:\/\/www.spsf.cz\/index.php?rest_route=\/wp\/v2\/pages\/397\/revisions"}],"predecessor-version":[{"id":9744,"href":"https:\/\/www.spsf.cz\/index.php?rest_route=\/wp\/v2\/pages\/397\/revisions\/9744"}],"up":[{"embeddable":true,"href":"https:\/\/www.spsf.cz\/index.php?rest_route=\/wp\/v2\/pages\/255"}],"wp:attachment":[{"href":"https:\/\/www.spsf.cz\/index.php?rest_route=%2Fwp%2Fv2%2Fmedia&parent=397"}],"curies":[{"name":"wp","href":"https:\/\/api.w.org\/{rel}","templated":true}]}}