{"id":405,"date":"2015-10-16T11:59:37","date_gmt":"2015-10-16T09:59:37","guid":{"rendered":"http:\/\/localhost\/cimelice\/?page_id=405"},"modified":"2015-12-29T15:10:54","modified_gmt":"2015-12-29T14:10:54","slug":"oznameni-o-sbirkovem-fondu","status":"publish","type":"page","link":"https:\/\/www.spsf.cz\/?page_id=405","title":{"rendered":"Ozn\u00e1men\u00ed o sb\u00edrkov\u00e9m fondu \u0161koly"},"content":{"rendered":"<p>V\u00e1\u017een\u00ed kolegov\u00e9,<\/p>\n<p style=\"text-align: left;\">jak jsem v\u00e1s ji\u017e informoval, byl v\u00a0N\u00e1rodn\u00edm filmov\u00e9m archivu, Male\u0161ick\u00e1 14, Praha 3 zalo\u017een sb\u00edrkov\u00fd fond na\u0161\u00ed \u0161koly!<br \/>\nNovinkou je to, \u017ee NFA v\u00a0r\u00e1mci tohoto sb\u00edrkov\u00e9ho fondu p\u0159ipravuje sb\u011br z\u00e1znam\u016f tzv. or\u00e1ln\u00ed historie, jin\u00fdmi slovy m\u00e1 v\u00a0\u00famyslu vyzpov\u00eddat podle ur\u010dit\u00e9ho sc\u00e9n\u00e1\u0159e z\u00e1jemce z\u00a0na\u0161ich \u0159ad formou videorozhovoru. Zat\u00edm nem\u00e1m p\u0159esn\u011bj\u0161\u00ed informace, ale vypad\u00e1 to tak, \u017ee na sletu u\u017e budu chyt\u0159ej\u0161\u00ed a budu v\u00e1s informovat. Zabezpe\u010den\u00ed projektu je nutn\u00e9 organizovat po jednotliv\u00fdch ro\u010dn\u00edc\u00edch, tak\u017ee v\u00e1s vyz\u00fdv\u00e1me, aby se z\u00a0ka\u017ed\u00e9ho ro\u010dn\u00edku p\u0159ihl\u00e1sil alespo\u0148 jeden \u201esty\u010dn\u00fd d\u016fstojn\u00edk\u201c, kter\u00fd by s\u00a0dal\u0161\u00edmi sv\u00fdmi spolu\u017e\u00e1ky zaji\u0161\u0165oval pot\u0159ebn\u00e9 dokumenty a byl \u010dlenem organiza\u010dn\u00edho v\u00fdboru pro budov\u00e1n\u00ed archivu. Bylo by dobr\u00e9, kdyby mohl pou\u017e\u00edvat e-mail, zjednodu\u0161ilo by to komunikaci. Dokumenty se do archivu budou p\u0159ed\u00e1vat v\u00a0kolekc\u00edch podle jednotliv\u00fdch ro\u010dn\u00edk\u016f. Z\u00a0poskytnut\u00fdch materi\u00e1l\u016f budeme po\u0159izovat kopie na elektronick\u00fdch nosi\u010d\u00edch, tak\u017ee ka\u017ed\u00fd d\u00e1rce dostane kopie toho, co do archivu p\u0159edal, na CD-ROMu nebo na DVD, ev. na kazet\u011b VHS. Sb\u00edrkov\u00e9 p\u0159edm\u011bty, kter\u00e9 jsme a\u017e dosud shrom\u00e1\u017edili, se vyzna\u010duj\u00ed nedostate\u010dn\u00fdm pr\u016fvodn\u00edm popisem, ve kter\u00e9m by byly identifikov\u00e1ny jednotliv\u00e9 osoby, datum nebo alespo\u0148 vro\u010den\u00ed jednotliv\u00fdch z\u00e1b\u011br\u016f apod. Pr\u00e1v\u011b o tom, jak by m\u011bla vypadat doprovodn\u00e1 dokumentace, bychom si m\u011bli popov\u00eddat s\u00a0kolegyn\u00ed P\u0159ikrylovou. Spojen\u00ed na n\u00ed je telefon 271\u00a0770\u00a0502, fax 271\u00a0770\u00a0501, e-mail technicke.oddeleni@nfa.cz<br \/>\nJi\u0159\u00ed Vo\u017een\u00edlek a dal\u0161\u00ed \u010dlenov\u00e9 p\u0159\u00edpravn\u00e9ho v\u00fdboru<\/p>\n","protected":false},"excerpt":{"rendered":"<p>V\u00e1\u017een\u00ed kolegov\u00e9, jak jsem v\u00e1s ji\u017e informoval, byl v\u00a0N\u00e1rodn\u00edm filmov\u00e9m archivu, Male\u0161ick\u00e1 14, Praha 3 zalo\u017een sb\u00edrkov\u00fd fond na\u0161\u00ed \u0161koly! Novinkou je to, \u017ee NFA v\u00a0r\u00e1mci tohoto sb\u00edrkov\u00e9ho fondu p\u0159ipravuje sb\u011br z\u00e1znam\u016f tzv. or\u00e1ln\u00ed historie, jin\u00fdmi slovy m\u00e1 v\u00a0\u00famyslu vyzpov\u00eddat podle ur\u010dit\u00e9ho sc\u00e9n\u00e1\u0159e z\u00e1jemce z\u00a0na\u0161ich \u0159ad formou videorozhovoru. Zat\u00edm nem\u00e1m p\u0159esn\u011bj\u0161\u00ed informace, ale vypad\u00e1 to<a class=\"more-link\" href=\"https:\/\/www.spsf.cz\/?page_id=405\">Read more -><\/a><\/p>\n","protected":false},"author":1,"featured_media":0,"parent":255,"menu_order":0,"comment_status":"closed","ping_status":"closed","template":"","meta":{"ngg_post_thumbnail":0,"footnotes":""},"class_list":["post-405","page","type-page","status-publish","hentry"],"_links":{"self":[{"href":"https:\/\/www.spsf.cz\/index.php?rest_route=\/wp\/v2\/pages\/405","targetHints":{"allow":["GET"]}}],"collection":[{"href":"https:\/\/www.spsf.cz\/index.php?rest_route=\/wp\/v2\/pages"}],"about":[{"href":"https:\/\/www.spsf.cz\/index.php?rest_route=\/wp\/v2\/types\/page"}],"author":[{"embeddable":true,"href":"https:\/\/www.spsf.cz\/index.php?rest_route=\/wp\/v2\/users\/1"}],"replies":[{"embeddable":true,"href":"https:\/\/www.spsf.cz\/index.php?rest_route=%2Fwp%2Fv2%2Fcomments&post=405"}],"version-history":[{"count":2,"href":"https:\/\/www.spsf.cz\/index.php?rest_route=\/wp\/v2\/pages\/405\/revisions"}],"predecessor-version":[{"id":444,"href":"https:\/\/www.spsf.cz\/index.php?rest_route=\/wp\/v2\/pages\/405\/revisions\/444"}],"up":[{"embeddable":true,"href":"https:\/\/www.spsf.cz\/index.php?rest_route=\/wp\/v2\/pages\/255"}],"wp:attachment":[{"href":"https:\/\/www.spsf.cz\/index.php?rest_route=%2Fwp%2Fv2%2Fmedia&parent=405"}],"curies":[{"name":"wp","href":"https:\/\/api.w.org\/{rel}","templated":true}]}}