{"id":4131,"date":"2016-02-08T10:28:58","date_gmt":"2016-02-08T09:28:58","guid":{"rendered":"http:\/\/www.spsf.cz\/?page_id=4131"},"modified":"2016-02-08T10:28:58","modified_gmt":"2016-02-08T09:28:58","slug":"rocnik-197276","status":"publish","type":"page","link":"https:\/\/www.spsf.cz\/?page_id=4131","title":{"rendered":"ro\u010dn\u00edk 1972\/76"},"content":{"rendered":"<p>Fotky ro\u010dn\u00edku 1972\/76 z vyro\u010dn\u00edch sraz\u016f<\/p>\n<p>&nbsp;<\/p>\n","protected":false},"excerpt":{"rendered":"<p>Fotky ro\u010dn\u00edku 1972\/76 z vyro\u010dn\u00edch sraz\u016f &nbsp;<\/p>\n","protected":false},"author":1,"featured_media":0,"parent":4128,"menu_order":0,"comment_status":"closed","ping_status":"closed","template":"","meta":{"ngg_post_thumbnail":0,"footnotes":""},"class_list":["post-4131","page","type-page","status-publish","hentry"],"_links":{"self":[{"href":"https:\/\/www.spsf.cz\/index.php?rest_route=\/wp\/v2\/pages\/4131","targetHints":{"allow":["GET"]}}],"collection":[{"href":"https:\/\/www.spsf.cz\/index.php?rest_route=\/wp\/v2\/pages"}],"about":[{"href":"https:\/\/www.spsf.cz\/index.php?rest_route=\/wp\/v2\/types\/page"}],"author":[{"embeddable":true,"href":"https:\/\/www.spsf.cz\/index.php?rest_route=\/wp\/v2\/users\/1"}],"replies":[{"embeddable":true,"href":"https:\/\/www.spsf.cz\/index.php?rest_route=%2Fwp%2Fv2%2Fcomments&post=4131"}],"version-history":[{"count":1,"href":"https:\/\/www.spsf.cz\/index.php?rest_route=\/wp\/v2\/pages\/4131\/revisions"}],"predecessor-version":[{"id":4132,"href":"https:\/\/www.spsf.cz\/index.php?rest_route=\/wp\/v2\/pages\/4131\/revisions\/4132"}],"up":[{"embeddable":true,"href":"https:\/\/www.spsf.cz\/index.php?rest_route=\/wp\/v2\/pages\/4128"}],"wp:attachment":[{"href":"https:\/\/www.spsf.cz\/index.php?rest_route=%2Fwp%2Fv2%2Fmedia&parent=4131"}],"curies":[{"name":"wp","href":"https:\/\/api.w.org\/{rel}","templated":true}]}}