{"id":4185,"date":"2016-02-08T10:38:21","date_gmt":"2016-02-08T09:38:21","guid":{"rendered":"http:\/\/www.spsf.cz\/?page_id=4185"},"modified":"2016-02-08T10:51:18","modified_gmt":"2016-02-08T09:51:18","slug":"sraz-25","status":"publish","type":"page","link":"https:\/\/www.spsf.cz\/?page_id=4185","title":{"rendered":"Sraz 25 (2001)"},"content":{"rendered":"<p><!-- default-view.php -->\n<div\n\tclass=\"ngg-galleryoverview default-view\n\t ngg-ajax-pagination-none\t\"\n\tid=\"ngg-gallery-88ec2ebd89211ebba3e09a418a444cd8-1\">\n\n\t\t<!-- Thumbnails -->\n\t\t\t\t<div id=\"ngg-image-0\" class=\"ngg-gallery-thumbnail-box\n\t\t\t\t\t\t\t\t\t\t\t\"\n\t\t\t>\n\t\t\t\t\t\t<div class=\"ngg-gallery-thumbnail\">\n\t\t\t<a href=\"https:\/\/www.spsf.cz\/wp-content\/gallery\/roc-7279-25\/Cim-n%C3%A1%C5%A1-ro%C4%8Dn%C3%ADk-B-001-25.jpg\"\n\t\t\t\ttitle=\"\"\n\t\t\t\tdata-src=\"https:\/\/www.spsf.cz\/wp-content\/gallery\/roc-7279-25\/Cim-n%C3%A1%C5%A1-ro%C4%8Dn%C3%ADk-B-001-25.jpg\"\n\t\t\t\tdata-thumbnail=\"https:\/\/www.spsf.cz\/wp-content\/gallery\/roc-7279-25\/thumbs\/thumbs_Cim-n%C3%A1%C5%A1-ro%C4%8Dn%C3%ADk-B-001-25.jpg\"\n\t\t\t\tdata-image-id=\"1709\"\n\t\t\t\tdata-title=\"Cim - n\u00e1\u0161 ro\u010dn\u00edk B 001 25\"\n\t\t\t\tdata-description=\"\"\n\t\t\t\tdata-image-slug=\"cim-n%c3%a1%c5%a1-ro%c4%8dn%c3%adk-b-001-25\"\n\t\t\t\tclass=\"ngg-fancybox\" rel=\"88ec2ebd89211ebba3e09a418a444cd8\">\n\t\t\t\t<img\n\t\t\t\t\ttitle=\"Cim - n\u00e1\u0161 ro\u010dn\u00edk B 001 25\"\n\t\t\t\t\talt=\"Cim - n\u00e1\u0161 ro\u010dn\u00edk B 001 25\"\n\t\t\t\t\tsrc=\"https:\/\/www.spsf.cz\/wp-content\/gallery\/roc-7279-25\/thumbs\/thumbs_Cim-n%C3%A1%C5%A1-ro%C4%8Dn%C3%ADk-B-001-25.jpg\"\n\t\t\t\t\twidth=\"240\"\n\t\t\t\t\theight=\"160\"\n\t\t\t\t\tstyle=\"max-width:100%;\"\n\t\t\t\t\/>\n\t\t\t<\/a>\n\t\t<\/div>\n\t\t\t\t\t\t\t<\/div>\n\t\t\t\n\t\t\t\t<div id=\"ngg-image-1\" class=\"ngg-gallery-thumbnail-box\n\t\t\t\t\t\t\t\t\t\t\t\"\n\t\t\t>\n\t\t\t\t\t\t<div class=\"ngg-gallery-thumbnail\">\n\t\t\t<a href=\"https:\/\/www.spsf.cz\/wp-content\/gallery\/roc-7279-25\/Cim-n%C3%A1%C5%A1-ro%C4%8Dn%C3%ADk-B2-001.jpg\"\n\t\t\t\ttitle=\"\"\n\t\t\t\tdata-src=\"https:\/\/www.spsf.cz\/wp-content\/gallery\/roc-7279-25\/Cim-n%C3%A1%C5%A1-ro%C4%8Dn%C3%ADk-B2-001.jpg\"\n\t\t\t\tdata-thumbnail=\"https:\/\/www.spsf.cz\/wp-content\/gallery\/roc-7279-25\/thumbs\/thumbs_Cim-n%C3%A1%C5%A1-ro%C4%8Dn%C3%ADk-B2-001.jpg\"\n\t\t\t\tdata-image-id=\"1710\"\n\t\t\t\tdata-title=\"Cim - n\u00e1\u0161 ro\u010dn\u00edk B2 001\"\n\t\t\t\tdata-description=\"\"\n\t\t\t\tdata-image-slug=\"cim-n%c3%a1%c5%a1-ro%c4%8dn%c3%adk-b2-001-1\"\n\t\t\t\tclass=\"ngg-fancybox\" rel=\"88ec2ebd89211ebba3e09a418a444cd8\">\n\t\t\t\t<img\n\t\t\t\t\ttitle=\"Cim - n\u00e1\u0161 ro\u010dn\u00edk B2 001\"\n\t\t\t\t\talt=\"Cim - n\u00e1\u0161 ro\u010dn\u00edk B2 001\"\n\t\t\t\t\tsrc=\"https:\/\/www.spsf.cz\/wp-content\/gallery\/roc-7279-25\/thumbs\/thumbs_Cim-n%C3%A1%C5%A1-ro%C4%8Dn%C3%ADk-B2-001.jpg\"\n\t\t\t\t\twidth=\"240\"\n\t\t\t\t\theight=\"160\"\n\t\t\t\t\tstyle=\"max-width:100%;\"\n\t\t\t\t\/>\n\t\t\t<\/a>\n\t\t<\/div>\n\t\t\t\t\t\t\t<\/div>\n\t\t\t\n\t\t\t\t<div id=\"ngg-image-2\" class=\"ngg-gallery-thumbnail-box\n\t\t\t\t\t\t\t\t\t\t\t\"\n\t\t\t>\n\t\t\t\t\t\t<div class=\"ngg-gallery-thumbnail\">\n\t\t\t<a href=\"https:\/\/www.spsf.cz\/wp-content\/gallery\/roc-7279-25\/Cim-n%C3%A1%C5%A1-ro%C4%8Dn%C3%ADk-B3-001.jpg\"\n\t\t\t\ttitle=\"\"\n\t\t\t\tdata-src=\"https:\/\/www.spsf.cz\/wp-content\/gallery\/roc-7279-25\/Cim-n%C3%A1%C5%A1-ro%C4%8Dn%C3%ADk-B3-001.jpg\"\n\t\t\t\tdata-thumbnail=\"https:\/\/www.spsf.cz\/wp-content\/gallery\/roc-7279-25\/thumbs\/thumbs_Cim-n%C3%A1%C5%A1-ro%C4%8Dn%C3%ADk-B3-001.jpg\"\n\t\t\t\tdata-image-id=\"1711\"\n\t\t\t\tdata-title=\"Cim - n\u00e1\u0161 ro\u010dn\u00edk B3 001\"\n\t\t\t\tdata-description=\"\"\n\t\t\t\tdata-image-slug=\"cim-n%c3%a1%c5%a1-ro%c4%8dn%c3%adk-b3-001-1\"\n\t\t\t\tclass=\"ngg-fancybox\" rel=\"88ec2ebd89211ebba3e09a418a444cd8\">\n\t\t\t\t<img\n\t\t\t\t\ttitle=\"Cim - n\u00e1\u0161 ro\u010dn\u00edk B3 001\"\n\t\t\t\t\talt=\"Cim - n\u00e1\u0161 ro\u010dn\u00edk B3 001\"\n\t\t\t\t\tsrc=\"https:\/\/www.spsf.cz\/wp-content\/gallery\/roc-7279-25\/thumbs\/thumbs_Cim-n%C3%A1%C5%A1-ro%C4%8Dn%C3%ADk-B3-001.jpg\"\n\t\t\t\t\twidth=\"240\"\n\t\t\t\t\theight=\"160\"\n\t\t\t\t\tstyle=\"max-width:100%;\"\n\t\t\t\t\/>\n\t\t\t<\/a>\n\t\t<\/div>\n\t\t\t\t\t\t\t<\/div>\n\t\t\t\n\t\t\t\t<div id=\"ngg-image-3\" class=\"ngg-gallery-thumbnail-box\n\t\t\t\t\t\t\t\t\t\t\t\"\n\t\t\t>\n\t\t\t\t\t\t<div class=\"ngg-gallery-thumbnail\">\n\t\t\t<a href=\"https:\/\/www.spsf.cz\/wp-content\/gallery\/roc-7279-25\/Cim-n%C3%A1%C5%A1-ro%C4%8Dn%C3%ADk-B4-001.jpg\"\n\t\t\t\ttitle=\"\"\n\t\t\t\tdata-src=\"https:\/\/www.spsf.cz\/wp-content\/gallery\/roc-7279-25\/Cim-n%C3%A1%C5%A1-ro%C4%8Dn%C3%ADk-B4-001.jpg\"\n\t\t\t\tdata-thumbnail=\"https:\/\/www.spsf.cz\/wp-content\/gallery\/roc-7279-25\/thumbs\/thumbs_Cim-n%C3%A1%C5%A1-ro%C4%8Dn%C3%ADk-B4-001.jpg\"\n\t\t\t\tdata-image-id=\"1712\"\n\t\t\t\tdata-title=\"Cim - n\u00e1\u0161 ro\u010dn\u00edk B4 001\"\n\t\t\t\tdata-description=\"\"\n\t\t\t\tdata-image-slug=\"cim-n%c3%a1%c5%a1-ro%c4%8dn%c3%adk-b4-001-1\"\n\t\t\t\tclass=\"ngg-fancybox\" rel=\"88ec2ebd89211ebba3e09a418a444cd8\">\n\t\t\t\t<img\n\t\t\t\t\ttitle=\"Cim - n\u00e1\u0161 ro\u010dn\u00edk B4 001\"\n\t\t\t\t\talt=\"Cim - n\u00e1\u0161 ro\u010dn\u00edk B4 001\"\n\t\t\t\t\tsrc=\"https:\/\/www.spsf.cz\/wp-content\/gallery\/roc-7279-25\/thumbs\/thumbs_Cim-n%C3%A1%C5%A1-ro%C4%8Dn%C3%ADk-B4-001.jpg\"\n\t\t\t\t\twidth=\"240\"\n\t\t\t\t\theight=\"160\"\n\t\t\t\t\tstyle=\"max-width:100%;\"\n\t\t\t\t\/>\n\t\t\t<\/a>\n\t\t<\/div>\n\t\t\t\t\t\t\t<\/div>\n\t\t\t\n\t\t\t\t<div id=\"ngg-image-4\" class=\"ngg-gallery-thumbnail-box\n\t\t\t\t\t\t\t\t\t\t\t\"\n\t\t\t>\n\t\t\t\t\t\t<div class=\"ngg-gallery-thumbnail\">\n\t\t\t<a href=\"https:\/\/www.spsf.cz\/wp-content\/gallery\/roc-7279-25\/Cim-n%C3%A1%C5%A1-ro%C4%8Dn%C3%ADk-B5-001.jpg\"\n\t\t\t\ttitle=\"\"\n\t\t\t\tdata-src=\"https:\/\/www.spsf.cz\/wp-content\/gallery\/roc-7279-25\/Cim-n%C3%A1%C5%A1-ro%C4%8Dn%C3%ADk-B5-001.jpg\"\n\t\t\t\tdata-thumbnail=\"https:\/\/www.spsf.cz\/wp-content\/gallery\/roc-7279-25\/thumbs\/thumbs_Cim-n%C3%A1%C5%A1-ro%C4%8Dn%C3%ADk-B5-001.jpg\"\n\t\t\t\tdata-image-id=\"1713\"\n\t\t\t\tdata-title=\"Cim - n\u00e1\u0161 ro\u010dn\u00edk B5 001\"\n\t\t\t\tdata-description=\"\"\n\t\t\t\tdata-image-slug=\"cim-n%c3%a1%c5%a1-ro%c4%8dn%c3%adk-b5-001-1\"\n\t\t\t\tclass=\"ngg-fancybox\" rel=\"88ec2ebd89211ebba3e09a418a444cd8\">\n\t\t\t\t<img\n\t\t\t\t\ttitle=\"Cim - n\u00e1\u0161 ro\u010dn\u00edk B5 001\"\n\t\t\t\t\talt=\"Cim - n\u00e1\u0161 ro\u010dn\u00edk B5 001\"\n\t\t\t\t\tsrc=\"https:\/\/www.spsf.cz\/wp-content\/gallery\/roc-7279-25\/thumbs\/thumbs_Cim-n%C3%A1%C5%A1-ro%C4%8Dn%C3%ADk-B5-001.jpg\"\n\t\t\t\t\twidth=\"240\"\n\t\t\t\t\theight=\"160\"\n\t\t\t\t\tstyle=\"max-width:100%;\"\n\t\t\t\t\/>\n\t\t\t<\/a>\n\t\t<\/div>\n\t\t\t\t\t\t\t<\/div>\n\t\t\t\n\t\t\t\t<div id=\"ngg-image-5\" class=\"ngg-gallery-thumbnail-box\n\t\t\t\t\t\t\t\t\t\t\t\"\n\t\t\t>\n\t\t\t\t\t\t<div class=\"ngg-gallery-thumbnail\">\n\t\t\t<a href=\"https:\/\/www.spsf.cz\/wp-content\/gallery\/roc-7279-25\/Cim-n%C3%A1%C5%A1-ro%C4%8Dn%C3%ADk-B6-2001mozna-001.jpg\"\n\t\t\t\ttitle=\"\"\n\t\t\t\tdata-src=\"https:\/\/www.spsf.cz\/wp-content\/gallery\/roc-7279-25\/Cim-n%C3%A1%C5%A1-ro%C4%8Dn%C3%ADk-B6-2001mozna-001.jpg\"\n\t\t\t\tdata-thumbnail=\"https:\/\/www.spsf.cz\/wp-content\/gallery\/roc-7279-25\/thumbs\/thumbs_Cim-n%C3%A1%C5%A1-ro%C4%8Dn%C3%ADk-B6-2001mozna-001.jpg\"\n\t\t\t\tdata-image-id=\"1714\"\n\t\t\t\tdata-title=\"Cim - n\u00e1\u0161 ro\u010dn\u00edk B6-2001mozna 001\"\n\t\t\t\tdata-description=\"\"\n\t\t\t\tdata-image-slug=\"cim-n%c3%a1%c5%a1-ro%c4%8dn%c3%adk-b6-2001mozna-001-1\"\n\t\t\t\tclass=\"ngg-fancybox\" rel=\"88ec2ebd89211ebba3e09a418a444cd8\">\n\t\t\t\t<img\n\t\t\t\t\ttitle=\"Cim - n\u00e1\u0161 ro\u010dn\u00edk B6-2001mozna 001\"\n\t\t\t\t\talt=\"Cim - n\u00e1\u0161 ro\u010dn\u00edk B6-2001mozna 001\"\n\t\t\t\t\tsrc=\"https:\/\/www.spsf.cz\/wp-content\/gallery\/roc-7279-25\/thumbs\/thumbs_Cim-n%C3%A1%C5%A1-ro%C4%8Dn%C3%ADk-B6-2001mozna-001.jpg\"\n\t\t\t\t\twidth=\"240\"\n\t\t\t\t\theight=\"160\"\n\t\t\t\t\tstyle=\"max-width:100%;\"\n\t\t\t\t\/>\n\t\t\t<\/a>\n\t\t<\/div>\n\t\t\t\t\t\t\t<\/div>\n\t\t\t\n\t\n\t<br style=\"clear: both\" \/>\n\n\t\t<div class=\"slideshowlink\">\n\t\t<a href='https:\/\/www.spsf.cz\/index.php\/nggallery\/slideshow?page_id=4185'>[Uk\u00e1zat prezentaci]<\/a>\n\n\t<\/div>\n\t\n\t\t<!-- Pagination -->\n\t\t<div class='ngg-clear'><\/div>\t<\/div>\n<\/p>\n","protected":false},"excerpt":{"rendered":"<p>[Uk\u00e1zat prezentaci]<\/p>\n","protected":false},"author":1,"featured_media":0,"parent":4131,"menu_order":0,"comment_status":"closed","ping_status":"closed","template":"","meta":{"ngg_post_thumbnail":0,"footnotes":""},"class_list":["post-4185","page","type-page","status-publish","hentry"],"_links":{"self":[{"href":"https:\/\/www.spsf.cz\/index.php?rest_route=\/wp\/v2\/pages\/4185","targetHints":{"allow":["GET"]}}],"collection":[{"href":"https:\/\/www.spsf.cz\/index.php?rest_route=\/wp\/v2\/pages"}],"about":[{"href":"https:\/\/www.spsf.cz\/index.php?rest_route=\/wp\/v2\/types\/page"}],"author":[{"embeddable":true,"href":"https:\/\/www.spsf.cz\/index.php?rest_route=\/wp\/v2\/users\/1"}],"replies":[{"embeddable":true,"href":"https:\/\/www.spsf.cz\/index.php?rest_route=%2Fwp%2Fv2%2Fcomments&post=4185"}],"version-history":[{"count":2,"href":"https:\/\/www.spsf.cz\/index.php?rest_route=\/wp\/v2\/pages\/4185\/revisions"}],"predecessor-version":[{"id":4210,"href":"https:\/\/www.spsf.cz\/index.php?rest_route=\/wp\/v2\/pages\/4185\/revisions\/4210"}],"up":[{"embeddable":true,"href":"https:\/\/www.spsf.cz\/index.php?rest_route=\/wp\/v2\/pages\/4131"}],"wp:attachment":[{"href":"https:\/\/www.spsf.cz\/index.php?rest_route=%2Fwp%2Fv2%2Fmedia&parent=4185"}],"curies":[{"name":"wp","href":"https:\/\/api.w.org\/{rel}","templated":true}]}}