{"id":4214,"date":"2016-02-08T11:14:48","date_gmt":"2016-02-08T10:14:48","guid":{"rendered":"http:\/\/www.spsf.cz\/?page_id=4214"},"modified":"2016-02-08T11:14:48","modified_gmt":"2016-02-08T10:14:48","slug":"historie-jf","status":"publish","type":"page","link":"https:\/\/www.spsf.cz\/?page_id=4214","title":{"rendered":"historie JF"},"content":{"rendered":"<p><!-- default-view.php -->\n<div\n\tclass=\"ngg-galleryoverview default-view\n\t ngg-ajax-pagination-none\t\"\n\tid=\"ngg-gallery-27aca838f991fbb648a0305e215c8fcb-1\">\n\n\t\t<!-- Thumbnails -->\n\t\t\t\t<div id=\"ngg-image-0\" class=\"ngg-gallery-thumbnail-box\n\t\t\t\t\t\t\t\t\t\t\t\"\n\t\t\t>\n\t\t\t\t\t\t<div class=\"ngg-gallery-thumbnail\">\n\t\t\t<a href=\"https:\/\/www.spsf.cz\/wp-content\/gallery\/roc-7279-skolni\/Cim-n%C3%A1%C5%A1-ro%C4%8Dn%C3%ADk-%C5%A1kolni-akce-001.jpg\"\n\t\t\t\ttitle=\"\"\n\t\t\t\tdata-src=\"https:\/\/www.spsf.cz\/wp-content\/gallery\/roc-7279-skolni\/Cim-n%C3%A1%C5%A1-ro%C4%8Dn%C3%ADk-%C5%A1kolni-akce-001.jpg\"\n\t\t\t\tdata-thumbnail=\"https:\/\/www.spsf.cz\/wp-content\/gallery\/roc-7279-skolni\/thumbs\/thumbs_Cim-n%C3%A1%C5%A1-ro%C4%8Dn%C3%ADk-%C5%A1kolni-akce-001.jpg\"\n\t\t\t\tdata-image-id=\"1715\"\n\t\t\t\tdata-title=\"Cim - n\u00e1\u0161 ro\u010dn\u00edk - \u0161kolni akce 001\"\n\t\t\t\tdata-description=\"\"\n\t\t\t\tdata-image-slug=\"cim-n%c3%a1%c5%a1-ro%c4%8dn%c3%adk-%c5%a1kolni-akce-001\"\n\t\t\t\tclass=\"ngg-fancybox\" rel=\"27aca838f991fbb648a0305e215c8fcb\">\n\t\t\t\t<img\n\t\t\t\t\ttitle=\"Cim - n\u00e1\u0161 ro\u010dn\u00edk - \u0161kolni akce 001\"\n\t\t\t\t\talt=\"Cim - n\u00e1\u0161 ro\u010dn\u00edk - \u0161kolni akce 001\"\n\t\t\t\t\tsrc=\"https:\/\/www.spsf.cz\/wp-content\/gallery\/roc-7279-skolni\/thumbs\/thumbs_Cim-n%C3%A1%C5%A1-ro%C4%8Dn%C3%ADk-%C5%A1kolni-akce-001.jpg\"\n\t\t\t\t\twidth=\"240\"\n\t\t\t\t\theight=\"160\"\n\t\t\t\t\tstyle=\"max-width:100%;\"\n\t\t\t\t\/>\n\t\t\t<\/a>\n\t\t<\/div>\n\t\t\t\t\t\t\t<\/div>\n\t\t\t\n\t\n\t<br style=\"clear: both\" \/>\n\n\t\t<div class=\"slideshowlink\">\n\t\t<a href='https:\/\/www.spsf.cz\/index.php\/nggallery\/slideshow?page_id=4214'>[Uk\u00e1zat prezentaci]<\/a>\n\n\t<\/div>\n\t\n\t\t<!-- Pagination -->\n\t\t<div class='ngg-clear'><\/div>\t<\/div>\n<\/p>\n<figure id=\"attachment_4225\" aria-describedby=\"caption-attachment-4225\" style=\"width: 218px\" class=\"wp-caption alignnone\"><a href=\"https:\/\/www.spsf.cz\/?attachment_id=4225\" rel=\"attachment wp-att-4225\"><img loading=\"lazy\" decoding=\"async\" class=\"size-medium wp-image-4225\" src=\"https:\/\/www.spsf.cz\/wp-content\/uploads\/2016\/02\/Martina-a-Dube-001a-218x300.jpg\" alt=\"tane\u010dn\u00ed ro\u010d. 72\/76 v Rakovicich\" width=\"218\" height=\"300\" srcset=\"https:\/\/www.spsf.cz\/wp-content\/uploads\/2016\/02\/Martina-a-Dube-001a-218x300.jpg 218w, https:\/\/www.spsf.cz\/wp-content\/uploads\/2016\/02\/Martina-a-Dube-001a-768x1056.jpg 768w, https:\/\/www.spsf.cz\/wp-content\/uploads\/2016\/02\/Martina-a-Dube-001a-745x1024.jpg 745w\" sizes=\"auto, (max-width: 218px) 100vw, 218px\" \/><\/a><figcaption id=\"caption-attachment-4225\" class=\"wp-caption-text\">tane\u010dn\u00ed ro\u010d. 72\/76 v Rakovicich<\/figcaption><\/figure>\n","protected":false},"excerpt":{"rendered":"<p>[Uk\u00e1zat prezentaci]<\/p>\n","protected":false},"author":1,"featured_media":0,"parent":4131,"menu_order":0,"comment_status":"closed","ping_status":"closed","template":"","meta":{"ngg_post_thumbnail":0,"footnotes":""},"class_list":["post-4214","page","type-page","status-publish","hentry"],"_links":{"self":[{"href":"https:\/\/www.spsf.cz\/index.php?rest_route=\/wp\/v2\/pages\/4214","targetHints":{"allow":["GET"]}}],"collection":[{"href":"https:\/\/www.spsf.cz\/index.php?rest_route=\/wp\/v2\/pages"}],"about":[{"href":"https:\/\/www.spsf.cz\/index.php?rest_route=\/wp\/v2\/types\/page"}],"author":[{"embeddable":true,"href":"https:\/\/www.spsf.cz\/index.php?rest_route=\/wp\/v2\/users\/1"}],"replies":[{"embeddable":true,"href":"https:\/\/www.spsf.cz\/index.php?rest_route=%2Fwp%2Fv2%2Fcomments&post=4214"}],"version-history":[{"count":1,"href":"https:\/\/www.spsf.cz\/index.php?rest_route=\/wp\/v2\/pages\/4214\/revisions"}],"predecessor-version":[{"id":4226,"href":"https:\/\/www.spsf.cz\/index.php?rest_route=\/wp\/v2\/pages\/4214\/revisions\/4226"}],"up":[{"embeddable":true,"href":"https:\/\/www.spsf.cz\/index.php?rest_route=\/wp\/v2\/pages\/4131"}],"wp:attachment":[{"href":"https:\/\/www.spsf.cz\/index.php?rest_route=%2Fwp%2Fv2%2Fmedia&parent=4214"}],"curies":[{"name":"wp","href":"https:\/\/api.w.org\/{rel}","templated":true}]}}