{"id":545,"date":"2015-11-29T15:13:43","date_gmt":"2015-11-29T14:13:43","guid":{"rendered":"http:\/\/www.spsf.cz\/?page_id=545"},"modified":"2022-07-25T12:53:04","modified_gmt":"2022-07-25T11:53:04","slug":"kontakty-2","status":"publish","type":"page","link":"https:\/\/www.spsf.cz\/?page_id=545","title":{"rendered":"Kontakty"},"content":{"rendered":"<p>V organiza\u010dn\u00edch z\u00e1le\u017eitostech Slet\u016f, zm\u011bn adres a zas\u00edl\u00e1n\u00ed pozv\u00e1nek (ke jm\u00e9nu uv\u00e1d\u011bjte ro\u010dn\u00edk a spolu\u017ea\u010dky napi\u0161te p\u0159\u00edjmen\u00ed, kter\u00e9 jste m\u011bly v \u010cimelic\u00edch) se obracejte na Jozefa Mrvu a v\u0161e elektronicky na <span style=\"color: #99cc00;\">slety.hvizdalka@gmail.com <\/span><br \/>\nV p\u0159\u00edpad\u011b va\u0161ich p\u0159\u00edsp\u011bvk\u016f v podob\u011b fotek, videa a jin\u00fdch odkaz\u016f se obracejte na<br \/>\nJirku Farsk\u00e9ho <a href=\"mailto:jfarsky@volny.cz\"><span style=\"color: #99cc00;\">jfarsky@volny.cz<\/span><br \/>\n<\/a><\/p>\n<p><a href=\"mailto:cimelice@volny.cz\"><span style=\"color: #000000;\">Pro dopln\u011bn\u00ed sb\u00edrkov\u00e9ho fondu se obracejte na<\/span> <span style=\"color: #000000;\">Jirku Vo\u017een\u00edlka <\/span><\/a><span style=\"color: #99cc00;\"><a style=\"color: #99cc00;\" href=\"mailto:vozen@flu.cas.cz\">vozen@flu.cas.cz<\/a><\/span><\/p>\n<p>&nbsp;<\/p>\n","protected":false},"excerpt":{"rendered":"<p>V organiza\u010dn\u00edch z\u00e1le\u017eitostech Slet\u016f, zm\u011bn adres a zas\u00edl\u00e1n\u00ed pozv\u00e1nek (ke jm\u00e9nu uv\u00e1d\u011bjte ro\u010dn\u00edk a spolu\u017ea\u010dky napi\u0161te p\u0159\u00edjmen\u00ed, kter\u00e9 jste m\u011bly v \u010cimelic\u00edch) se obracejte na Jozefa Mrvu a v\u0161e elektronicky na slety.hvizdalka@gmail.com V p\u0159\u00edpad\u011b va\u0161ich p\u0159\u00edsp\u011bvk\u016f v podob\u011b fotek, videa a jin\u00fdch odkaz\u016f se obracejte na Jirku Farsk\u00e9ho jfarsky@volny.cz Pro dopln\u011bn\u00ed sb\u00edrkov\u00e9ho fondu se obracejte<a class=\"more-link\" href=\"https:\/\/www.spsf.cz\/?page_id=545\">Read more -><\/a><\/p>\n","protected":false},"author":1,"featured_media":0,"parent":241,"menu_order":8,"comment_status":"closed","ping_status":"closed","template":"","meta":{"ngg_post_thumbnail":0,"footnotes":""},"class_list":["post-545","page","type-page","status-publish","hentry"],"_links":{"self":[{"href":"https:\/\/www.spsf.cz\/index.php?rest_route=\/wp\/v2\/pages\/545","targetHints":{"allow":["GET"]}}],"collection":[{"href":"https:\/\/www.spsf.cz\/index.php?rest_route=\/wp\/v2\/pages"}],"about":[{"href":"https:\/\/www.spsf.cz\/index.php?rest_route=\/wp\/v2\/types\/page"}],"author":[{"embeddable":true,"href":"https:\/\/www.spsf.cz\/index.php?rest_route=\/wp\/v2\/users\/1"}],"replies":[{"embeddable":true,"href":"https:\/\/www.spsf.cz\/index.php?rest_route=%2Fwp%2Fv2%2Fcomments&post=545"}],"version-history":[{"count":8,"href":"https:\/\/www.spsf.cz\/index.php?rest_route=\/wp\/v2\/pages\/545\/revisions"}],"predecessor-version":[{"id":9558,"href":"https:\/\/www.spsf.cz\/index.php?rest_route=\/wp\/v2\/pages\/545\/revisions\/9558"}],"up":[{"embeddable":true,"href":"https:\/\/www.spsf.cz\/index.php?rest_route=\/wp\/v2\/pages\/241"}],"wp:attachment":[{"href":"https:\/\/www.spsf.cz\/index.php?rest_route=%2Fwp%2Fv2%2Fmedia&parent=545"}],"curies":[{"name":"wp","href":"https:\/\/api.w.org\/{rel}","templated":true}]}}