{"id":7343,"date":"2016-05-24T06:52:03","date_gmt":"2016-05-24T05:52:03","guid":{"rendered":"http:\/\/www.spsf.cz\/?page_id=7343"},"modified":"2016-06-20T13:59:42","modified_gmt":"2016-06-20T12:59:42","slug":"pozdrav-od-ivana-matejicka","status":"publish","type":"page","link":"https:\/\/www.spsf.cz\/?page_id=7343","title":{"rendered":"Pozdrav od Ivana Mat\u011bj\u00ed\u010dka"},"content":{"rendered":"<p>Pozdravujem, r\u00e1d \u010d\u00edtam Vase str\u00e1nky. Dufam, \u017ee sa raz pridem pozrie\u0165 aj ja som Maginom. Ahojte M + M<\/p>\n<p>24.5.16<img loading=\"lazy\" decoding=\"async\" class=\"attachment-80x60 size-80x60\" src=\"https:\/\/www.spsf.cz\/wp-content\/uploads\/2015\/12\/DSG_6563-150x150.jpg\" alt=\"DSG_6563\" width=\"60\" height=\"60\" \/><\/p>\n","protected":false},"excerpt":{"rendered":"<p>Pozdravujem, r\u00e1d \u010d\u00edtam Vase str\u00e1nky. Dufam, \u017ee sa raz pridem pozrie\u0165 aj ja som Maginom. Ahojte M + M 24.5.16<\/p>\n","protected":false},"author":1,"featured_media":0,"parent":243,"menu_order":0,"comment_status":"closed","ping_status":"closed","template":"","meta":{"ngg_post_thumbnail":0,"footnotes":""},"class_list":["post-7343","page","type-page","status-publish","hentry"],"_links":{"self":[{"href":"https:\/\/www.spsf.cz\/index.php?rest_route=\/wp\/v2\/pages\/7343","targetHints":{"allow":["GET"]}}],"collection":[{"href":"https:\/\/www.spsf.cz\/index.php?rest_route=\/wp\/v2\/pages"}],"about":[{"href":"https:\/\/www.spsf.cz\/index.php?rest_route=\/wp\/v2\/types\/page"}],"author":[{"embeddable":true,"href":"https:\/\/www.spsf.cz\/index.php?rest_route=\/wp\/v2\/users\/1"}],"replies":[{"embeddable":true,"href":"https:\/\/www.spsf.cz\/index.php?rest_route=%2Fwp%2Fv2%2Fcomments&post=7343"}],"version-history":[{"count":3,"href":"https:\/\/www.spsf.cz\/index.php?rest_route=\/wp\/v2\/pages\/7343\/revisions"}],"predecessor-version":[{"id":7346,"href":"https:\/\/www.spsf.cz\/index.php?rest_route=\/wp\/v2\/pages\/7343\/revisions\/7346"}],"up":[{"embeddable":true,"href":"https:\/\/www.spsf.cz\/index.php?rest_route=\/wp\/v2\/pages\/243"}],"wp:attachment":[{"href":"https:\/\/www.spsf.cz\/index.php?rest_route=%2Fwp%2Fv2%2Fmedia&parent=7343"}],"curies":[{"name":"wp","href":"https:\/\/api.w.org\/{rel}","templated":true}]}}