{"id":7658,"date":"2016-06-21T17:25:01","date_gmt":"2016-06-21T16:25:01","guid":{"rendered":"http:\/\/www.spsf.cz\/?page_id=7658"},"modified":"2016-06-21T17:27:42","modified_gmt":"2016-06-21T16:27:42","slug":"foto-nada-40","status":"publish","type":"page","link":"https:\/\/www.spsf.cz\/?page_id=7658","title":{"rendered":"40.Foto NADA"},"content":{"rendered":"<p>\n<div class=\"ngg-galleryoverview ngg-template-caption\" id=\"ngg-gallery-3f2d293edf903020e3d7811699b40fdd-7658\">\n\n\t\t\t<!-- Slideshow link -->\n\t<div class=\"slideshowlink\">\n\t\t<a class=\"slideshowlink\" href=\"https:\/\/www.spsf.cz\/index.php\/nggallery\/slideshow?page_id=7658\">\n\t\t\t[Uk\u00e1zat prezentaci]\t\t<\/a>\n\t<\/div>\n\n\t<!-- Thumbnails -->\n\t\t\t\t\n\t<div id=\"ngg-image-3239\" class=\"ngg-gallery-thumbnail-box\"  >\n\t\t<div class=\"ngg-gallery-thumbnail\" >\n\t\t\t<a href=\"https:\/\/www.spsf.cz\/wp-content\/gallery\/Foto-40.-Nada\/1.jpg\"\n\t\t\t\ttitle=\"jak \u0159\u00edk\u00e1m je to kec\"\n\t\t\t\tclass=\"ngg-fancybox\" rel=\"3f2d293edf903020e3d7811699b40fdd\" data-image-id=\"3239\" data-src=\"https:\/\/www.spsf.cz\/wp-content\/gallery\/Foto-40.-Nada\/1.jpg\" data-thumbnail=\"https:\/\/www.spsf.cz\/wp-content\/gallery\/Foto-40.-Nada\/thumbs\/thumbs_1.jpg\" data-title=\"1\" data-description=\"jak \u0159\u00edk\u00e1m je to kec\" >\n\t\t\t\t\t\t\t\t<img title=\"1\" alt=\"1\" src=\"https:\/\/www.spsf.cz\/wp-content\/gallery\/Foto-40.-Nada\/thumbs\/thumbs_1.jpg\" width='240' height='160' \/>\n\t\t\t\t\t\t\t<\/a>\n\t\t\t<span>\n\t\t\tjak \u0159\u00edk\u00e1m je to kec\t\t\t<\/span>\n\t\t<\/div>\n\t<\/div>\n\t\t\t\t\t\t\t\n\t<div id=\"ngg-image-3240\" class=\"ngg-gallery-thumbnail-box\"  >\n\t\t<div class=\"ngg-gallery-thumbnail\" >\n\t\t\t<a href=\"https:\/\/www.spsf.cz\/wp-content\/gallery\/Foto-40.-Nada\/2.jpg\"\n\t\t\t\ttitle=\" \"\n\t\t\t\tclass=\"ngg-fancybox\" rel=\"3f2d293edf903020e3d7811699b40fdd\" data-image-id=\"3240\" data-src=\"https:\/\/www.spsf.cz\/wp-content\/gallery\/Foto-40.-Nada\/2.jpg\" data-thumbnail=\"https:\/\/www.spsf.cz\/wp-content\/gallery\/Foto-40.-Nada\/thumbs\/thumbs_2.jpg\" data-title=\"2\" data-description=\" \" >\n\t\t\t\t\t\t\t\t<img title=\"2\" alt=\"2\" src=\"https:\/\/www.spsf.cz\/wp-content\/gallery\/Foto-40.-Nada\/thumbs\/thumbs_2.jpg\" width='240' height='160' \/>\n\t\t\t\t\t\t\t<\/a>\n\t\t\t<span>\n\t\t\t \t\t\t<\/span>\n\t\t<\/div>\n\t<\/div>\n\t\t\t\t\t\t\t\n\t<div id=\"ngg-image-3241\" class=\"ngg-gallery-thumbnail-box\"  >\n\t\t<div class=\"ngg-gallery-thumbnail\" >\n\t\t\t<a href=\"https:\/\/www.spsf.cz\/wp-content\/gallery\/Foto-40.-Nada\/3.jpg\"\n\t\t\t\ttitle=\"kdy p\u016fjdeme na pan\u00e1\u010dka ?\"\n\t\t\t\tclass=\"ngg-fancybox\" rel=\"3f2d293edf903020e3d7811699b40fdd\" data-image-id=\"3241\" data-src=\"https:\/\/www.spsf.cz\/wp-content\/gallery\/Foto-40.-Nada\/3.jpg\" data-thumbnail=\"https:\/\/www.spsf.cz\/wp-content\/gallery\/Foto-40.-Nada\/thumbs\/thumbs_3.jpg\" data-title=\"3\" data-description=\"kdy p\u016fjdeme na pan\u00e1\u010dka ?\" >\n\t\t\t\t\t\t\t\t<img title=\"3\" alt=\"3\" src=\"https:\/\/www.spsf.cz\/wp-content\/gallery\/Foto-40.-Nada\/thumbs\/thumbs_3.jpg\" width='240' height='160' \/>\n\t\t\t\t\t\t\t<\/a>\n\t\t\t<span>\n\t\t\tkdy p\u016fjdeme na pan\u00e1\u010dka ?\t\t\t<\/span>\n\t\t<\/div>\n\t<\/div>\n\t\t\t\t\t\t\t\n\t<div id=\"ngg-image-3242\" class=\"ngg-gallery-thumbnail-box\"  >\n\t\t<div class=\"ngg-gallery-thumbnail\" >\n\t\t\t<a href=\"https:\/\/www.spsf.cz\/wp-content\/gallery\/Foto-40.-Nada\/4.jpg\"\n\t\t\t\ttitle=\"ta 40., to je ale doba\"\n\t\t\t\tclass=\"ngg-fancybox\" rel=\"3f2d293edf903020e3d7811699b40fdd\" data-image-id=\"3242\" data-src=\"https:\/\/www.spsf.cz\/wp-content\/gallery\/Foto-40.-Nada\/4.jpg\" data-thumbnail=\"https:\/\/www.spsf.cz\/wp-content\/gallery\/Foto-40.-Nada\/thumbs\/thumbs_4.jpg\" data-title=\"4\" data-description=\"ta 40., to je ale doba\" >\n\t\t\t\t\t\t\t\t<img title=\"4\" alt=\"4\" src=\"https:\/\/www.spsf.cz\/wp-content\/gallery\/Foto-40.-Nada\/thumbs\/thumbs_4.jpg\" width='240' height='160' \/>\n\t\t\t\t\t\t\t<\/a>\n\t\t\t<span>\n\t\t\tta 40., to je ale doba\t\t\t<\/span>\n\t\t<\/div>\n\t<\/div>\n\t\t\t\t\t\t\t\n\t<div id=\"ngg-image-3243\" class=\"ngg-gallery-thumbnail-box\"  >\n\t\t<div class=\"ngg-gallery-thumbnail\" >\n\t\t\t<a href=\"https:\/\/www.spsf.cz\/wp-content\/gallery\/Foto-40.-Nada\/5.jpg\"\n\t\t\t\ttitle=\" \"\n\t\t\t\tclass=\"ngg-fancybox\" rel=\"3f2d293edf903020e3d7811699b40fdd\" data-image-id=\"3243\" data-src=\"https:\/\/www.spsf.cz\/wp-content\/gallery\/Foto-40.-Nada\/5.jpg\" data-thumbnail=\"https:\/\/www.spsf.cz\/wp-content\/gallery\/Foto-40.-Nada\/thumbs\/thumbs_5.jpg\" data-title=\"5\" data-description=\" \" >\n\t\t\t\t\t\t\t\t<img title=\"5\" alt=\"5\" src=\"https:\/\/www.spsf.cz\/wp-content\/gallery\/Foto-40.-Nada\/thumbs\/thumbs_5.jpg\" width='240' height='160' \/>\n\t\t\t\t\t\t\t<\/a>\n\t\t\t<span>\n\t\t\t \t\t\t<\/span>\n\t\t<\/div>\n\t<\/div>\n\t\t\t\t\t\t\t\n\t<div id=\"ngg-image-3244\" class=\"ngg-gallery-thumbnail-box\"  >\n\t\t<div class=\"ngg-gallery-thumbnail\" >\n\t\t\t<a href=\"https:\/\/www.spsf.cz\/wp-content\/gallery\/Foto-40.-Nada\/6.jpg\"\n\t\t\t\ttitle=\" \"\n\t\t\t\tclass=\"ngg-fancybox\" rel=\"3f2d293edf903020e3d7811699b40fdd\" data-image-id=\"3244\" data-src=\"https:\/\/www.spsf.cz\/wp-content\/gallery\/Foto-40.-Nada\/6.jpg\" data-thumbnail=\"https:\/\/www.spsf.cz\/wp-content\/gallery\/Foto-40.-Nada\/thumbs\/thumbs_6.jpg\" data-title=\"6\" data-description=\" \" >\n\t\t\t\t\t\t\t\t<img title=\"6\" alt=\"6\" src=\"https:\/\/www.spsf.cz\/wp-content\/gallery\/Foto-40.-Nada\/thumbs\/thumbs_6.jpg\" width='240' height='160' \/>\n\t\t\t\t\t\t\t<\/a>\n\t\t\t<span>\n\t\t\t \t\t\t<\/span>\n\t\t<\/div>\n\t<\/div>\n\t\t\t\t\t\t\t\n\t<div id=\"ngg-image-3245\" class=\"ngg-gallery-thumbnail-box\"  >\n\t\t<div class=\"ngg-gallery-thumbnail\" >\n\t\t\t<a href=\"https:\/\/www.spsf.cz\/wp-content\/gallery\/Foto-40.-Nada\/7.jpg\"\n\t\t\t\ttitle=\"kdy\u017e se ned\u00edv\u00e1, tak mu trochu upiji\"\n\t\t\t\tclass=\"ngg-fancybox\" rel=\"3f2d293edf903020e3d7811699b40fdd\" data-image-id=\"3245\" data-src=\"https:\/\/www.spsf.cz\/wp-content\/gallery\/Foto-40.-Nada\/7.jpg\" data-thumbnail=\"https:\/\/www.spsf.cz\/wp-content\/gallery\/Foto-40.-Nada\/thumbs\/thumbs_7.jpg\" data-title=\"7\" data-description=\"kdy\u017e se ned\u00edv\u00e1, tak mu trochu upiji\" >\n\t\t\t\t\t\t\t\t<img title=\"7\" alt=\"7\" src=\"https:\/\/www.spsf.cz\/wp-content\/gallery\/Foto-40.-Nada\/thumbs\/thumbs_7.jpg\" width='240' height='160' \/>\n\t\t\t\t\t\t\t<\/a>\n\t\t\t<span>\n\t\t\tkdy\u017e se ned\u00edv\u00e1, tak mu trochu upiji\t\t\t<\/span>\n\t\t<\/div>\n\t<\/div>\n\t\t\t\t\t\t\t\n\t<div id=\"ngg-image-3246\" class=\"ngg-gallery-thumbnail-box\"  >\n\t\t<div class=\"ngg-gallery-thumbnail\" >\n\t\t\t<a href=\"https:\/\/www.spsf.cz\/wp-content\/gallery\/Foto-40.-Nada\/8.jpg\"\n\t\t\t\ttitle=\" \"\n\t\t\t\tclass=\"ngg-fancybox\" rel=\"3f2d293edf903020e3d7811699b40fdd\" data-image-id=\"3246\" data-src=\"https:\/\/www.spsf.cz\/wp-content\/gallery\/Foto-40.-Nada\/8.jpg\" data-thumbnail=\"https:\/\/www.spsf.cz\/wp-content\/gallery\/Foto-40.-Nada\/thumbs\/thumbs_8.jpg\" data-title=\"8\" data-description=\" \" >\n\t\t\t\t\t\t\t\t<img title=\"8\" alt=\"8\" src=\"https:\/\/www.spsf.cz\/wp-content\/gallery\/Foto-40.-Nada\/thumbs\/thumbs_8.jpg\" width='240' height='160' \/>\n\t\t\t\t\t\t\t<\/a>\n\t\t\t<span>\n\t\t\t \t\t\t<\/span>\n\t\t<\/div>\n\t<\/div>\n\t\t\t\t\t\t\t\n\t<div id=\"ngg-image-3247\" class=\"ngg-gallery-thumbnail-box\"  >\n\t\t<div class=\"ngg-gallery-thumbnail\" >\n\t\t\t<a href=\"https:\/\/www.spsf.cz\/wp-content\/gallery\/Foto-40.-Nada\/9.jpg\"\n\t\t\t\ttitle=\"to jsou v\u0161ichni co si \u00fatratu zaplatili\"\n\t\t\t\tclass=\"ngg-fancybox\" rel=\"3f2d293edf903020e3d7811699b40fdd\" data-image-id=\"3247\" data-src=\"https:\/\/www.spsf.cz\/wp-content\/gallery\/Foto-40.-Nada\/9.jpg\" data-thumbnail=\"https:\/\/www.spsf.cz\/wp-content\/gallery\/Foto-40.-Nada\/thumbs\/thumbs_9.jpg\" data-title=\"9\" data-description=\"to jsou v\u0161ichni co si \u00fatratu zaplatili\" >\n\t\t\t\t\t\t\t\t<img title=\"9\" alt=\"9\" src=\"https:\/\/www.spsf.cz\/wp-content\/gallery\/Foto-40.-Nada\/thumbs\/thumbs_9.jpg\" width='240' height='160' \/>\n\t\t\t\t\t\t\t<\/a>\n\t\t\t<span>\n\t\t\tto jsou v\u0161ichni co si \u00fatratu zaplatili\t\t\t<\/span>\n\t\t<\/div>\n\t<\/div>\n\t\t\t\t\t\t\t\n\t<div id=\"ngg-image-3248\" class=\"ngg-gallery-thumbnail-box\"  >\n\t\t<div class=\"ngg-gallery-thumbnail\" >\n\t\t\t<a href=\"https:\/\/www.spsf.cz\/wp-content\/gallery\/Foto-40.-Nada\/10.jpg\"\n\t\t\t\ttitle=\" \"\n\t\t\t\tclass=\"ngg-fancybox\" rel=\"3f2d293edf903020e3d7811699b40fdd\" data-image-id=\"3248\" data-src=\"https:\/\/www.spsf.cz\/wp-content\/gallery\/Foto-40.-Nada\/10.jpg\" data-thumbnail=\"https:\/\/www.spsf.cz\/wp-content\/gallery\/Foto-40.-Nada\/thumbs\/thumbs_10.jpg\" data-title=\"10\" data-description=\" \" >\n\t\t\t\t\t\t\t\t<img title=\"10\" alt=\"10\" src=\"https:\/\/www.spsf.cz\/wp-content\/gallery\/Foto-40.-Nada\/thumbs\/thumbs_10.jpg\" width='240' height='160' \/>\n\t\t\t\t\t\t\t<\/a>\n\t\t\t<span>\n\t\t\t \t\t\t<\/span>\n\t\t<\/div>\n\t<\/div>\n\t\t\t\t\t\t\t\n\t<div id=\"ngg-image-3249\" class=\"ngg-gallery-thumbnail-box\"  >\n\t\t<div class=\"ngg-gallery-thumbnail\" >\n\t\t\t<a href=\"https:\/\/www.spsf.cz\/wp-content\/gallery\/Foto-40.-Nada\/11.jpg\"\n\t\t\t\ttitle=\" \"\n\t\t\t\tclass=\"ngg-fancybox\" rel=\"3f2d293edf903020e3d7811699b40fdd\" data-image-id=\"3249\" data-src=\"https:\/\/www.spsf.cz\/wp-content\/gallery\/Foto-40.-Nada\/11.jpg\" data-thumbnail=\"https:\/\/www.spsf.cz\/wp-content\/gallery\/Foto-40.-Nada\/thumbs\/thumbs_11.jpg\" data-title=\"11\" data-description=\" \" >\n\t\t\t\t\t\t\t\t<img title=\"11\" alt=\"11\" src=\"https:\/\/www.spsf.cz\/wp-content\/gallery\/Foto-40.-Nada\/thumbs\/thumbs_11.jpg\" width='240' height='160' \/>\n\t\t\t\t\t\t\t<\/a>\n\t\t\t<span>\n\t\t\t \t\t\t<\/span>\n\t\t<\/div>\n\t<\/div>\n\t\t\t\t\t\t\t\n\t<div id=\"ngg-image-3250\" class=\"ngg-gallery-thumbnail-box\"  >\n\t\t<div class=\"ngg-gallery-thumbnail\" >\n\t\t\t<a href=\"https:\/\/www.spsf.cz\/wp-content\/gallery\/Foto-40.-Nada\/12.jpg\"\n\t\t\t\ttitle=\" \"\n\t\t\t\tclass=\"ngg-fancybox\" rel=\"3f2d293edf903020e3d7811699b40fdd\" data-image-id=\"3250\" data-src=\"https:\/\/www.spsf.cz\/wp-content\/gallery\/Foto-40.-Nada\/12.jpg\" data-thumbnail=\"https:\/\/www.spsf.cz\/wp-content\/gallery\/Foto-40.-Nada\/thumbs\/thumbs_12.jpg\" data-title=\"12\" data-description=\" \" >\n\t\t\t\t\t\t\t\t<img title=\"12\" alt=\"12\" src=\"https:\/\/www.spsf.cz\/wp-content\/gallery\/Foto-40.-Nada\/thumbs\/thumbs_12.jpg\" width='240' height='160' \/>\n\t\t\t\t\t\t\t<\/a>\n\t\t\t<span>\n\t\t\t \t\t\t<\/span>\n\t\t<\/div>\n\t<\/div>\n\t\t\t\t\t\t\t\n\t<div id=\"ngg-image-3251\" class=\"ngg-gallery-thumbnail-box\"  >\n\t\t<div class=\"ngg-gallery-thumbnail\" >\n\t\t\t<a href=\"https:\/\/www.spsf.cz\/wp-content\/gallery\/Foto-40.-Nada\/14.jpg\"\n\t\t\t\ttitle=\" \"\n\t\t\t\tclass=\"ngg-fancybox\" rel=\"3f2d293edf903020e3d7811699b40fdd\" data-image-id=\"3251\" data-src=\"https:\/\/www.spsf.cz\/wp-content\/gallery\/Foto-40.-Nada\/14.jpg\" data-thumbnail=\"https:\/\/www.spsf.cz\/wp-content\/gallery\/Foto-40.-Nada\/thumbs\/thumbs_14.jpg\" data-title=\"14\" data-description=\" \" >\n\t\t\t\t\t\t\t\t<img title=\"14\" alt=\"14\" src=\"https:\/\/www.spsf.cz\/wp-content\/gallery\/Foto-40.-Nada\/thumbs\/thumbs_14.jpg\" width='240' height='160' \/>\n\t\t\t\t\t\t\t<\/a>\n\t\t\t<span>\n\t\t\t \t\t\t<\/span>\n\t\t<\/div>\n\t<\/div>\n\t\t\t\t\t\t\t\n\t<div id=\"ngg-image-3252\" class=\"ngg-gallery-thumbnail-box\"  >\n\t\t<div class=\"ngg-gallery-thumbnail\" >\n\t\t\t<a href=\"https:\/\/www.spsf.cz\/wp-content\/gallery\/Foto-40.-Nada\/15.jpg\"\n\t\t\t\ttitle=\"he\u010d, my jsme tady v \u010cimelic\u00edch\"\n\t\t\t\tclass=\"ngg-fancybox\" rel=\"3f2d293edf903020e3d7811699b40fdd\" data-image-id=\"3252\" data-src=\"https:\/\/www.spsf.cz\/wp-content\/gallery\/Foto-40.-Nada\/15.jpg\" data-thumbnail=\"https:\/\/www.spsf.cz\/wp-content\/gallery\/Foto-40.-Nada\/thumbs\/thumbs_15.jpg\" data-title=\"15\" data-description=\"he\u010d, my jsme tady v \u010cimelic\u00edch\" >\n\t\t\t\t\t\t\t\t<img title=\"15\" alt=\"15\" src=\"https:\/\/www.spsf.cz\/wp-content\/gallery\/Foto-40.-Nada\/thumbs\/thumbs_15.jpg\" width='240' height='160' \/>\n\t\t\t\t\t\t\t<\/a>\n\t\t\t<span>\n\t\t\the\u010d, my jsme tady v \u010cimelic\u00edch\t\t\t<\/span>\n\t\t<\/div>\n\t<\/div>\n\t\t\t\t\t\t\t\n\t<div id=\"ngg-image-3253\" class=\"ngg-gallery-thumbnail-box\"  >\n\t\t<div class=\"ngg-gallery-thumbnail\" >\n\t\t\t<a href=\"https:\/\/www.spsf.cz\/wp-content\/gallery\/Foto-40.-Nada\/20.jpg\"\n\t\t\t\ttitle=\"d\u00e1msk\u00fd gambit\"\n\t\t\t\tclass=\"ngg-fancybox\" rel=\"3f2d293edf903020e3d7811699b40fdd\" data-image-id=\"3253\" data-src=\"https:\/\/www.spsf.cz\/wp-content\/gallery\/Foto-40.-Nada\/20.jpg\" data-thumbnail=\"https:\/\/www.spsf.cz\/wp-content\/gallery\/Foto-40.-Nada\/thumbs\/thumbs_20.jpg\" data-title=\"20\" data-description=\"d\u00e1msk\u00fd gambit\" >\n\t\t\t\t\t\t\t\t<img title=\"20\" alt=\"20\" src=\"https:\/\/www.spsf.cz\/wp-content\/gallery\/Foto-40.-Nada\/thumbs\/thumbs_20.jpg\" width='240' height='160' \/>\n\t\t\t\t\t\t\t<\/a>\n\t\t\t<span>\n\t\t\td\u00e1msk\u00fd gambit\t\t\t<\/span>\n\t\t<\/div>\n\t<\/div>\n\t\t\t\t\t\t\t\n\t<div id=\"ngg-image-3254\" class=\"ngg-gallery-thumbnail-box\"  >\n\t\t<div class=\"ngg-gallery-thumbnail\" >\n\t\t\t<a href=\"https:\/\/www.spsf.cz\/wp-content\/gallery\/Foto-40.-Nada\/21.jpg\"\n\t\t\t\ttitle=\" \"\n\t\t\t\tclass=\"ngg-fancybox\" rel=\"3f2d293edf903020e3d7811699b40fdd\" data-image-id=\"3254\" data-src=\"https:\/\/www.spsf.cz\/wp-content\/gallery\/Foto-40.-Nada\/21.jpg\" data-thumbnail=\"https:\/\/www.spsf.cz\/wp-content\/gallery\/Foto-40.-Nada\/thumbs\/thumbs_21.jpg\" data-title=\"21\" data-description=\" \" >\n\t\t\t\t\t\t\t\t<img title=\"21\" alt=\"21\" src=\"https:\/\/www.spsf.cz\/wp-content\/gallery\/Foto-40.-Nada\/thumbs\/thumbs_21.jpg\" width='240' height='160' \/>\n\t\t\t\t\t\t\t<\/a>\n\t\t\t<span>\n\t\t\t \t\t\t<\/span>\n\t\t<\/div>\n\t<\/div>\n\t\t\t\t\t\t\t\n\t<div id=\"ngg-image-3255\" class=\"ngg-gallery-thumbnail-box\"  >\n\t\t<div class=\"ngg-gallery-thumbnail\" >\n\t\t\t<a href=\"https:\/\/www.spsf.cz\/wp-content\/gallery\/Foto-40.-Nada\/23.jpg\"\n\t\t\t\ttitle=\" \"\n\t\t\t\tclass=\"ngg-fancybox\" rel=\"3f2d293edf903020e3d7811699b40fdd\" data-image-id=\"3255\" data-src=\"https:\/\/www.spsf.cz\/wp-content\/gallery\/Foto-40.-Nada\/23.jpg\" data-thumbnail=\"https:\/\/www.spsf.cz\/wp-content\/gallery\/Foto-40.-Nada\/thumbs\/thumbs_23.jpg\" data-title=\"23\" data-description=\" \" >\n\t\t\t\t\t\t\t\t<img title=\"23\" alt=\"23\" src=\"https:\/\/www.spsf.cz\/wp-content\/gallery\/Foto-40.-Nada\/thumbs\/thumbs_23.jpg\" width='240' height='160' \/>\n\t\t\t\t\t\t\t<\/a>\n\t\t\t<span>\n\t\t\t \t\t\t<\/span>\n\t\t<\/div>\n\t<\/div>\n\t\t\t\t\t\t\t\n\t<div id=\"ngg-image-3256\" class=\"ngg-gallery-thumbnail-box\"  >\n\t\t<div class=\"ngg-gallery-thumbnail\" >\n\t\t\t<a href=\"https:\/\/www.spsf.cz\/wp-content\/gallery\/Foto-40.-Nada\/31.jpg\"\n\t\t\t\ttitle=\" \"\n\t\t\t\tclass=\"ngg-fancybox\" rel=\"3f2d293edf903020e3d7811699b40fdd\" data-image-id=\"3256\" data-src=\"https:\/\/www.spsf.cz\/wp-content\/gallery\/Foto-40.-Nada\/31.jpg\" data-thumbnail=\"https:\/\/www.spsf.cz\/wp-content\/gallery\/Foto-40.-Nada\/thumbs\/thumbs_31.jpg\" data-title=\"31\" data-description=\" \" >\n\t\t\t\t\t\t\t\t<img title=\"31\" alt=\"31\" src=\"https:\/\/www.spsf.cz\/wp-content\/gallery\/Foto-40.-Nada\/thumbs\/thumbs_31.jpg\" width='240' height='160' \/>\n\t\t\t\t\t\t\t<\/a>\n\t\t\t<span>\n\t\t\t \t\t\t<\/span>\n\t\t<\/div>\n\t<\/div>\n\t\t\t\t\t\t\t\n\t<div id=\"ngg-image-3257\" class=\"ngg-gallery-thumbnail-box\"  >\n\t\t<div class=\"ngg-gallery-thumbnail\" >\n\t\t\t<a href=\"https:\/\/www.spsf.cz\/wp-content\/gallery\/Foto-40.-Nada\/32.jpg\"\n\t\t\t\ttitle=\" \"\n\t\t\t\tclass=\"ngg-fancybox\" rel=\"3f2d293edf903020e3d7811699b40fdd\" data-image-id=\"3257\" data-src=\"https:\/\/www.spsf.cz\/wp-content\/gallery\/Foto-40.-Nada\/32.jpg\" data-thumbnail=\"https:\/\/www.spsf.cz\/wp-content\/gallery\/Foto-40.-Nada\/thumbs\/thumbs_32.jpg\" data-title=\"32\" data-description=\" \" >\n\t\t\t\t\t\t\t\t<img title=\"32\" alt=\"32\" src=\"https:\/\/www.spsf.cz\/wp-content\/gallery\/Foto-40.-Nada\/thumbs\/thumbs_32.jpg\" width='240' height='160' \/>\n\t\t\t\t\t\t\t<\/a>\n\t\t\t<span>\n\t\t\t \t\t\t<\/span>\n\t\t<\/div>\n\t<\/div>\n\t\t\t\t\t\t\t\n\t<div id=\"ngg-image-3258\" class=\"ngg-gallery-thumbnail-box\"  >\n\t\t<div class=\"ngg-gallery-thumbnail\" >\n\t\t\t<a href=\"https:\/\/www.spsf.cz\/wp-content\/gallery\/Foto-40.-Nada\/33.jpg\"\n\t\t\t\ttitle=\"m\u00e1m mu tam to sch\u00e9ma namalovat\"\n\t\t\t\tclass=\"ngg-fancybox\" rel=\"3f2d293edf903020e3d7811699b40fdd\" data-image-id=\"3258\" data-src=\"https:\/\/www.spsf.cz\/wp-content\/gallery\/Foto-40.-Nada\/33.jpg\" data-thumbnail=\"https:\/\/www.spsf.cz\/wp-content\/gallery\/Foto-40.-Nada\/thumbs\/thumbs_33.jpg\" data-title=\"33\" data-description=\"m\u00e1m mu tam to sch\u00e9ma namalovat\" >\n\t\t\t\t\t\t\t\t<img title=\"33\" alt=\"33\" src=\"https:\/\/www.spsf.cz\/wp-content\/gallery\/Foto-40.-Nada\/thumbs\/thumbs_33.jpg\" width='240' height='160' \/>\n\t\t\t\t\t\t\t<\/a>\n\t\t\t<span>\n\t\t\tm\u00e1m mu tam to sch\u00e9ma namalovat\t\t\t<\/span>\n\t\t<\/div>\n\t<\/div>\n\t\t\t\t\t\t\t\n\t<div id=\"ngg-image-3259\" class=\"ngg-gallery-thumbnail-box\"  >\n\t\t<div class=\"ngg-gallery-thumbnail\" >\n\t\t\t<a href=\"https:\/\/www.spsf.cz\/wp-content\/gallery\/Foto-40.-Nada\/34.jpg\"\n\t\t\t\ttitle=\" \"\n\t\t\t\tclass=\"ngg-fancybox\" rel=\"3f2d293edf903020e3d7811699b40fdd\" data-image-id=\"3259\" data-src=\"https:\/\/www.spsf.cz\/wp-content\/gallery\/Foto-40.-Nada\/34.jpg\" data-thumbnail=\"https:\/\/www.spsf.cz\/wp-content\/gallery\/Foto-40.-Nada\/thumbs\/thumbs_34.jpg\" data-title=\"34\" data-description=\" \" >\n\t\t\t\t\t\t\t\t<img title=\"34\" alt=\"34\" src=\"https:\/\/www.spsf.cz\/wp-content\/gallery\/Foto-40.-Nada\/thumbs\/thumbs_34.jpg\" width='240' height='160' \/>\n\t\t\t\t\t\t\t<\/a>\n\t\t\t<span>\n\t\t\t \t\t\t<\/span>\n\t\t<\/div>\n\t<\/div>\n\t\t\t\t\t\t\t\n\t<div id=\"ngg-image-3260\" class=\"ngg-gallery-thumbnail-box\"  >\n\t\t<div class=\"ngg-gallery-thumbnail\" >\n\t\t\t<a href=\"https:\/\/www.spsf.cz\/wp-content\/gallery\/Foto-40.-Nada\/35.jpg\"\n\t\t\t\ttitle=\" \"\n\t\t\t\tclass=\"ngg-fancybox\" rel=\"3f2d293edf903020e3d7811699b40fdd\" data-image-id=\"3260\" data-src=\"https:\/\/www.spsf.cz\/wp-content\/gallery\/Foto-40.-Nada\/35.jpg\" data-thumbnail=\"https:\/\/www.spsf.cz\/wp-content\/gallery\/Foto-40.-Nada\/thumbs\/thumbs_35.jpg\" data-title=\"35\" data-description=\" \" >\n\t\t\t\t\t\t\t\t<img title=\"35\" alt=\"35\" src=\"https:\/\/www.spsf.cz\/wp-content\/gallery\/Foto-40.-Nada\/thumbs\/thumbs_35.jpg\" width='240' height='160' \/>\n\t\t\t\t\t\t\t<\/a>\n\t\t\t<span>\n\t\t\t \t\t\t<\/span>\n\t\t<\/div>\n\t<\/div>\n\t\t\t\t\t\t\t\n\t<div id=\"ngg-image-3261\" class=\"ngg-gallery-thumbnail-box\"  >\n\t\t<div class=\"ngg-gallery-thumbnail\" >\n\t\t\t<a href=\"https:\/\/www.spsf.cz\/wp-content\/gallery\/Foto-40.-Nada\/37.jpg\"\n\t\t\t\ttitle=\" \"\n\t\t\t\tclass=\"ngg-fancybox\" rel=\"3f2d293edf903020e3d7811699b40fdd\" data-image-id=\"3261\" data-src=\"https:\/\/www.spsf.cz\/wp-content\/gallery\/Foto-40.-Nada\/37.jpg\" data-thumbnail=\"https:\/\/www.spsf.cz\/wp-content\/gallery\/Foto-40.-Nada\/thumbs\/thumbs_37.jpg\" data-title=\"37\" data-description=\" \" >\n\t\t\t\t\t\t\t\t<img title=\"37\" alt=\"37\" src=\"https:\/\/www.spsf.cz\/wp-content\/gallery\/Foto-40.-Nada\/thumbs\/thumbs_37.jpg\" width='240' height='160' \/>\n\t\t\t\t\t\t\t<\/a>\n\t\t\t<span>\n\t\t\t \t\t\t<\/span>\n\t\t<\/div>\n\t<\/div>\n\t\t\t\t\t\t\t\n\t<div id=\"ngg-image-3262\" class=\"ngg-gallery-thumbnail-box\"  >\n\t\t<div class=\"ngg-gallery-thumbnail\" >\n\t\t\t<a href=\"https:\/\/www.spsf.cz\/wp-content\/gallery\/Foto-40.-Nada\/101_0293.jpg\"\n\t\t\t\ttitle=\" \"\n\t\t\t\tclass=\"ngg-fancybox\" rel=\"3f2d293edf903020e3d7811699b40fdd\" data-image-id=\"3262\" data-src=\"https:\/\/www.spsf.cz\/wp-content\/gallery\/Foto-40.-Nada\/101_0293.jpg\" data-thumbnail=\"https:\/\/www.spsf.cz\/wp-content\/gallery\/Foto-40.-Nada\/thumbs\/thumbs_101_0293.jpg\" data-title=\"101_0293\" data-description=\" \" >\n\t\t\t\t\t\t\t\t<img title=\"101_0293\" alt=\"101_0293\" src=\"https:\/\/www.spsf.cz\/wp-content\/gallery\/Foto-40.-Nada\/thumbs\/thumbs_101_0293.jpg\" width='240' height='160' \/>\n\t\t\t\t\t\t\t<\/a>\n\t\t\t<span>\n\t\t\t \t\t\t<\/span>\n\t\t<\/div>\n\t<\/div>\n\t\t\t\t\t\t\t\n\t<div id=\"ngg-image-3263\" class=\"ngg-gallery-thumbnail-box\"  >\n\t\t<div class=\"ngg-gallery-thumbnail\" >\n\t\t\t<a href=\"https:\/\/www.spsf.cz\/wp-content\/gallery\/Foto-40.-Nada\/slun%C3%AD%C4%8Dko-si-s-Bobem-zahr%C3%A1lo.jpg\"\n\t\t\t\ttitle=\"Bobo je v 15. m\u011bs\u00edci\"\n\t\t\t\tclass=\"ngg-fancybox\" rel=\"3f2d293edf903020e3d7811699b40fdd\" data-image-id=\"3263\" data-src=\"https:\/\/www.spsf.cz\/wp-content\/gallery\/Foto-40.-Nada\/slun%C3%AD%C4%8Dko-si-s-Bobem-zahr%C3%A1lo.jpg\" data-thumbnail=\"https:\/\/www.spsf.cz\/wp-content\/gallery\/Foto-40.-Nada\/thumbs\/thumbs_slun%C3%AD%C4%8Dko-si-s-Bobem-zahr%C3%A1lo.jpg\" data-title=\"slun\u00ed\u010dko si s Bobem zahr\u00e1lo\" data-description=\"Bobo je v 15. m\u011bs\u00edci\" >\n\t\t\t\t\t\t\t\t<img title=\"slun\u00ed\u010dko si s Bobem zahr\u00e1lo\" alt=\"slun\u00ed\u010dko si s Bobem zahr\u00e1lo\" src=\"https:\/\/www.spsf.cz\/wp-content\/gallery\/Foto-40.-Nada\/thumbs\/thumbs_slun%C3%AD%C4%8Dko-si-s-Bobem-zahr%C3%A1lo.jpg\" width='240' height='160' \/>\n\t\t\t\t\t\t\t<\/a>\n\t\t\t<span>\n\t\t\tBobo je v 15. m\u011bs\u00edci\t\t\t<\/span>\n\t\t<\/div>\n\t<\/div>\n\t\t\t\t\t\t\t\n\t<!-- Pagination -->\n\t\t<div class='ngg-clear'><\/div>\n<\/div>\n\n\t<\/p>\n","protected":false},"excerpt":{"rendered":"<p>[Uk\u00e1zat prezentaci] jak \u0159\u00edk\u00e1m je to kec kdy p\u016fjdeme na pan\u00e1\u010dka ? ta 40., to je ale doba kdy\u017e se ned\u00edv\u00e1, tak mu trochu upiji to jsou v\u0161ichni co si \u00fatratu zaplatili he\u010d, my jsme tady v \u010cimelic\u00edch d\u00e1msk\u00fd gambit m\u00e1m mu tam to sch\u00e9ma namalovat Bobo je v 15. m\u011bs\u00edci<\/p>\n","protected":false},"author":1,"featured_media":0,"parent":7359,"menu_order":0,"comment_status":"closed","ping_status":"closed","template":"","meta":{"ngg_post_thumbnail":0,"footnotes":""},"class_list":["post-7658","page","type-page","status-publish","hentry"],"_links":{"self":[{"href":"https:\/\/www.spsf.cz\/index.php?rest_route=\/wp\/v2\/pages\/7658","targetHints":{"allow":["GET"]}}],"collection":[{"href":"https:\/\/www.spsf.cz\/index.php?rest_route=\/wp\/v2\/pages"}],"about":[{"href":"https:\/\/www.spsf.cz\/index.php?rest_route=\/wp\/v2\/types\/page"}],"author":[{"embeddable":true,"href":"https:\/\/www.spsf.cz\/index.php?rest_route=\/wp\/v2\/users\/1"}],"replies":[{"embeddable":true,"href":"https:\/\/www.spsf.cz\/index.php?rest_route=%2Fwp%2Fv2%2Fcomments&post=7658"}],"version-history":[{"count":3,"href":"https:\/\/www.spsf.cz\/index.php?rest_route=\/wp\/v2\/pages\/7658\/revisions"}],"predecessor-version":[{"id":7715,"href":"https:\/\/www.spsf.cz\/index.php?rest_route=\/wp\/v2\/pages\/7658\/revisions\/7715"}],"up":[{"embeddable":true,"href":"https:\/\/www.spsf.cz\/index.php?rest_route=\/wp\/v2\/pages\/7359"}],"wp:attachment":[{"href":"https:\/\/www.spsf.cz\/index.php?rest_route=%2Fwp%2Fv2%2Fmedia&parent=7658"}],"curies":[{"name":"wp","href":"https:\/\/api.w.org\/{rel}","templated":true}]}}