{"id":9233,"date":"2020-11-08T15:39:49","date_gmt":"2020-11-08T14:39:49","guid":{"rendered":"http:\/\/www.spsf.cz\/?page_id=9233"},"modified":"2020-12-31T16:52:50","modified_gmt":"2020-12-31T15:52:50","slug":"neslet-2020","status":"publish","type":"page","link":"https:\/\/www.spsf.cz\/?page_id=9233","title":{"rendered":"NeSLET 2020"},"content":{"rendered":"\n<p>Opravdu nebyl 28. Slet, ale p\u0159esto se na\u0161lo p\u00e1r skaln\u00edch, kte\u0159\u00ed pod vlajkou SP\u0160F zavzpom\u00ednali v \u010dervnov\u00e9m term\u00ednu na na\u0161e \u010cimelice. (zaslal L\u00e1\u010fa M.)<\/p>\n\n\n\n<figure class=\"wp-block-image size-large\"><a href=\"https:\/\/www.spsf.cz\/wp-content\/uploads\/2020\/11\/SP\u0160F2020.jpg\"><img loading=\"lazy\" decoding=\"async\" width=\"714\" height=\"960\" src=\"https:\/\/www.spsf.cz\/wp-content\/uploads\/2020\/11\/SP\u0160F2020.jpg\" alt=\"\" class=\"wp-image-9240\" srcset=\"https:\/\/www.spsf.cz\/wp-content\/uploads\/2020\/11\/SP\u0160F2020.jpg 714w, https:\/\/www.spsf.cz\/wp-content\/uploads\/2020\/11\/SP\u0160F2020-223x300.jpg 223w\" sizes=\"auto, (max-width: 714px) 100vw, 714px\" \/><\/a><\/figure>\n\n\n\n<figure class=\"wp-block-image size-large\"><a href=\"https:\/\/www.spsf.cz\/wp-content\/uploads\/2020\/11\/nggallery_import\/SP\u0160F2020_2.jpg\"><img loading=\"lazy\" decoding=\"async\" width=\"800\" height=\"600\" src=\"https:\/\/www.spsf.cz\/wp-content\/uploads\/2020\/11\/nggallery_import\/SP\u0160F2020_2.jpg\" alt=\"\" class=\"wp-image-9235\" srcset=\"https:\/\/www.spsf.cz\/wp-content\/uploads\/2020\/11\/nggallery_import\/SP\u0160F2020_2.jpg 800w, https:\/\/www.spsf.cz\/wp-content\/uploads\/2020\/11\/nggallery_import\/SP\u0160F2020_2-300x225.jpg 300w, https:\/\/www.spsf.cz\/wp-content\/uploads\/2020\/11\/nggallery_import\/SP\u0160F2020_2-768x576.jpg 768w\" sizes=\"auto, (max-width: 800px) 100vw, 800px\" \/><\/a><\/figure>\n","protected":false},"excerpt":{"rendered":"<p>Opravdu nebyl 28. Slet, ale p\u0159esto se na\u0161lo p\u00e1r skaln\u00edch, kte\u0159\u00ed pod vlajkou SP\u0160F zavzpom\u00ednali v \u010dervnov\u00e9m term\u00ednu na na\u0161e \u010cimelice. (zaslal L\u00e1\u010fa M.)<\/p>\n","protected":false},"author":1,"featured_media":0,"parent":244,"menu_order":0,"comment_status":"closed","ping_status":"closed","template":"","meta":{"ngg_post_thumbnail":3816,"footnotes":""},"class_list":["post-9233","page","type-page","status-publish","hentry"],"_links":{"self":[{"href":"https:\/\/www.spsf.cz\/index.php?rest_route=\/wp\/v2\/pages\/9233","targetHints":{"allow":["GET"]}}],"collection":[{"href":"https:\/\/www.spsf.cz\/index.php?rest_route=\/wp\/v2\/pages"}],"about":[{"href":"https:\/\/www.spsf.cz\/index.php?rest_route=\/wp\/v2\/types\/page"}],"author":[{"embeddable":true,"href":"https:\/\/www.spsf.cz\/index.php?rest_route=\/wp\/v2\/users\/1"}],"replies":[{"embeddable":true,"href":"https:\/\/www.spsf.cz\/index.php?rest_route=%2Fwp%2Fv2%2Fcomments&post=9233"}],"version-history":[{"count":8,"href":"https:\/\/www.spsf.cz\/index.php?rest_route=\/wp\/v2\/pages\/9233\/revisions"}],"predecessor-version":[{"id":9294,"href":"https:\/\/www.spsf.cz\/index.php?rest_route=\/wp\/v2\/pages\/9233\/revisions\/9294"}],"up":[{"embeddable":true,"href":"https:\/\/www.spsf.cz\/index.php?rest_route=\/wp\/v2\/pages\/244"}],"wp:attachment":[{"href":"https:\/\/www.spsf.cz\/index.php?rest_route=%2Fwp%2Fv2%2Fmedia&parent=9233"}],"curies":[{"name":"wp","href":"https:\/\/api.w.org\/{rel}","templated":true}]}}