{"id":9445,"date":"2022-06-25T12:22:39","date_gmt":"2022-06-25T11:22:39","guid":{"rendered":"https:\/\/www.spsf.cz\/?page_id=9445"},"modified":"2022-06-25T13:36:54","modified_gmt":"2022-06-25T12:36:54","slug":"listina-od-kefy-na-zruseni-skoly","status":"publish","type":"page","link":"https:\/\/www.spsf.cz\/?page_id=9445","title":{"rendered":"Listina od Kefy na zru\u0161en\u00ed \u0161koly"},"content":{"rendered":"\n<figure class=\"wp-block-image size-large\"><a href=\"https:\/\/www.spsf.cz\/wp-content\/uploads\/2022\/06\/Zprava-pro-JcKNV-001-1.jpg\"><img loading=\"lazy\" decoding=\"async\" width=\"724\" height=\"1024\" src=\"https:\/\/www.spsf.cz\/wp-content\/uploads\/2022\/06\/Zprava-pro-JcKNV-001-1-724x1024.jpg\" alt=\"\" class=\"wp-image-9521\" srcset=\"https:\/\/www.spsf.cz\/wp-content\/uploads\/2022\/06\/Zprava-pro-JcKNV-001-1-724x1024.jpg 724w, https:\/\/www.spsf.cz\/wp-content\/uploads\/2022\/06\/Zprava-pro-JcKNV-001-1-212x300.jpg 212w, https:\/\/www.spsf.cz\/wp-content\/uploads\/2022\/06\/Zprava-pro-JcKNV-001-1-768x1087.jpg 768w, https:\/\/www.spsf.cz\/wp-content\/uploads\/2022\/06\/Zprava-pro-JcKNV-001-1-1085x1536.jpg 1085w, https:\/\/www.spsf.cz\/wp-content\/uploads\/2022\/06\/Zprava-pro-JcKNV-001-1.jpg 1190w\" sizes=\"auto, (max-width: 724px) 100vw, 724px\" \/><\/a><\/figure>\n\n\n\n<figure class=\"wp-block-image size-large\"><a href=\"https:\/\/www.spsf.cz\/wp-content\/uploads\/2022\/06\/Zprava-pro-JcKNV-002-1.jpg\"><img loading=\"lazy\" decoding=\"async\" width=\"724\" height=\"1024\" src=\"https:\/\/www.spsf.cz\/wp-content\/uploads\/2022\/06\/Zprava-pro-JcKNV-002-1-724x1024.jpg\" alt=\"\" class=\"wp-image-9522\" srcset=\"https:\/\/www.spsf.cz\/wp-content\/uploads\/2022\/06\/Zprava-pro-JcKNV-002-1-724x1024.jpg 724w, https:\/\/www.spsf.cz\/wp-content\/uploads\/2022\/06\/Zprava-pro-JcKNV-002-1-212x300.jpg 212w, https:\/\/www.spsf.cz\/wp-content\/uploads\/2022\/06\/Zprava-pro-JcKNV-002-1-768x1087.jpg 768w, https:\/\/www.spsf.cz\/wp-content\/uploads\/2022\/06\/Zprava-pro-JcKNV-002-1-1085x1536.jpg 1085w, https:\/\/www.spsf.cz\/wp-content\/uploads\/2022\/06\/Zprava-pro-JcKNV-002-1.jpg 1190w\" sizes=\"auto, (max-width: 724px) 100vw, 724px\" \/><\/a><\/figure>\n\n\n\n<figure class=\"wp-block-image size-large\"><a href=\"https:\/\/www.spsf.cz\/wp-content\/uploads\/2022\/06\/Zprava-pro-JcKNV-003-1.jpg\"><img loading=\"lazy\" decoding=\"async\" width=\"724\" height=\"1024\" src=\"https:\/\/www.spsf.cz\/wp-content\/uploads\/2022\/06\/Zprava-pro-JcKNV-003-1-724x1024.jpg\" alt=\"\" class=\"wp-image-9523\" srcset=\"https:\/\/www.spsf.cz\/wp-content\/uploads\/2022\/06\/Zprava-pro-JcKNV-003-1-724x1024.jpg 724w, https:\/\/www.spsf.cz\/wp-content\/uploads\/2022\/06\/Zprava-pro-JcKNV-003-1-212x300.jpg 212w, https:\/\/www.spsf.cz\/wp-content\/uploads\/2022\/06\/Zprava-pro-JcKNV-003-1-768x1087.jpg 768w, https:\/\/www.spsf.cz\/wp-content\/uploads\/2022\/06\/Zprava-pro-JcKNV-003-1-1085x1536.jpg 1085w, https:\/\/www.spsf.cz\/wp-content\/uploads\/2022\/06\/Zprava-pro-JcKNV-003-1.jpg 1190w\" sizes=\"auto, (max-width: 724px) 100vw, 724px\" \/><\/a><\/figure>\n\n\n\n<figure class=\"wp-block-image size-large\"><a href=\"https:\/\/www.spsf.cz\/wp-content\/uploads\/2022\/06\/Zprava-pro-JcKNV-004-1.jpg\"><img loading=\"lazy\" decoding=\"async\" width=\"724\" height=\"1024\" src=\"https:\/\/www.spsf.cz\/wp-content\/uploads\/2022\/06\/Zprava-pro-JcKNV-004-1-724x1024.jpg\" alt=\"\" class=\"wp-image-9524\" srcset=\"https:\/\/www.spsf.cz\/wp-content\/uploads\/2022\/06\/Zprava-pro-JcKNV-004-1-724x1024.jpg 724w, https:\/\/www.spsf.cz\/wp-content\/uploads\/2022\/06\/Zprava-pro-JcKNV-004-1-212x300.jpg 212w, https:\/\/www.spsf.cz\/wp-content\/uploads\/2022\/06\/Zprava-pro-JcKNV-004-1-768x1087.jpg 768w, https:\/\/www.spsf.cz\/wp-content\/uploads\/2022\/06\/Zprava-pro-JcKNV-004-1-1085x1536.jpg 1085w, https:\/\/www.spsf.cz\/wp-content\/uploads\/2022\/06\/Zprava-pro-JcKNV-004-1.jpg 1190w\" sizes=\"auto, (max-width: 724px) 100vw, 724px\" \/><\/a><\/figure>\n\n\n\n<figure class=\"wp-block-gallery has-nested-images columns-default is-cropped wp-block-gallery-1 is-layout-flex wp-block-gallery-is-layout-flex\">\n<figure class=\"wp-block-image size-large\"><a href=\"https:\/\/www.spsf.cz\/wp-content\/uploads\/2022\/06\/Zprava-pro-JcKNV-005-2.jpg\"><img loading=\"lazy\" decoding=\"async\" width=\"724\" height=\"1024\" data-id=\"9525\" src=\"https:\/\/www.spsf.cz\/wp-content\/uploads\/2022\/06\/Zprava-pro-JcKNV-005-2-724x1024.jpg\" alt=\"\" class=\"wp-image-9525\" srcset=\"https:\/\/www.spsf.cz\/wp-content\/uploads\/2022\/06\/Zprava-pro-JcKNV-005-2-724x1024.jpg 724w, https:\/\/www.spsf.cz\/wp-content\/uploads\/2022\/06\/Zprava-pro-JcKNV-005-2-212x300.jpg 212w, https:\/\/www.spsf.cz\/wp-content\/uploads\/2022\/06\/Zprava-pro-JcKNV-005-2-768x1087.jpg 768w, https:\/\/www.spsf.cz\/wp-content\/uploads\/2022\/06\/Zprava-pro-JcKNV-005-2-1085x1536.jpg 1085w, https:\/\/www.spsf.cz\/wp-content\/uploads\/2022\/06\/Zprava-pro-JcKNV-005-2.jpg 1190w\" sizes=\"auto, (max-width: 724px) 100vw, 724px\" \/><\/a><\/figure>\n<\/figure>\n\n\n\n<figure class=\"wp-block-gallery has-nested-images columns-default is-cropped wp-block-gallery-2 is-layout-flex wp-block-gallery-is-layout-flex\"><\/figure>\n\n\n\n<figure class=\"wp-block-gallery has-nested-images columns-default is-cropped wp-block-gallery-3 is-layout-flex wp-block-gallery-is-layout-flex\"><\/figure>\n","protected":false},"excerpt":{"rendered":"","protected":false},"author":1,"featured_media":0,"parent":243,"menu_order":1,"comment_status":"closed","ping_status":"closed","template":"","meta":{"ngg_post_thumbnail":0,"footnotes":""},"class_list":["post-9445","page","type-page","status-publish","hentry"],"_links":{"self":[{"href":"https:\/\/www.spsf.cz\/index.php?rest_route=\/wp\/v2\/pages\/9445","targetHints":{"allow":["GET"]}}],"collection":[{"href":"https:\/\/www.spsf.cz\/index.php?rest_route=\/wp\/v2\/pages"}],"about":[{"href":"https:\/\/www.spsf.cz\/index.php?rest_route=\/wp\/v2\/types\/page"}],"author":[{"embeddable":true,"href":"https:\/\/www.spsf.cz\/index.php?rest_route=\/wp\/v2\/users\/1"}],"replies":[{"embeddable":true,"href":"https:\/\/www.spsf.cz\/index.php?rest_route=%2Fwp%2Fv2%2Fcomments&post=9445"}],"version-history":[{"count":4,"href":"https:\/\/www.spsf.cz\/index.php?rest_route=\/wp\/v2\/pages\/9445\/revisions"}],"predecessor-version":[{"id":9526,"href":"https:\/\/www.spsf.cz\/index.php?rest_route=\/wp\/v2\/pages\/9445\/revisions\/9526"}],"up":[{"embeddable":true,"href":"https:\/\/www.spsf.cz\/index.php?rest_route=\/wp\/v2\/pages\/243"}],"wp:attachment":[{"href":"https:\/\/www.spsf.cz\/index.php?rest_route=%2Fwp%2Fv2%2Fmedia&parent=9445"}],"curies":[{"name":"wp","href":"https:\/\/api.w.org\/{rel}","templated":true}]}}