{"id":9545,"date":"2022-07-02T21:08:42","date_gmt":"2022-07-02T20:08:42","guid":{"rendered":"https:\/\/www.spsf.cz\/?page_id=9545"},"modified":"2022-07-02T21:11:08","modified_gmt":"2022-07-02T20:11:08","slug":"odesel-spoluzak-vojta-panacek","status":"publish","type":"page","link":"https:\/\/www.spsf.cz\/?page_id=9545","title":{"rendered":"Ode\u0161el spolu\u017e\u00e1k Vojta Pan\u00e1\u010dek"},"content":{"rendered":"\n<p><\/p>\n\n\n\n<figure class=\"wp-block-image size-large\"><a href=\"https:\/\/www.spsf.cz\/wp-content\/uploads\/2022\/07\/Parte-Vojtech-Panacek.jpg\"><img loading=\"lazy\" decoding=\"async\" width=\"724\" height=\"1024\" src=\"https:\/\/www.spsf.cz\/wp-content\/uploads\/2022\/07\/Parte-Vojtech-Panacek-724x1024.jpg\" alt=\"\" class=\"wp-image-9547\" srcset=\"https:\/\/www.spsf.cz\/wp-content\/uploads\/2022\/07\/Parte-Vojtech-Panacek-724x1024.jpg 724w, https:\/\/www.spsf.cz\/wp-content\/uploads\/2022\/07\/Parte-Vojtech-Panacek-212x300.jpg 212w, https:\/\/www.spsf.cz\/wp-content\/uploads\/2022\/07\/Parte-Vojtech-Panacek-768x1087.jpg 768w, https:\/\/www.spsf.cz\/wp-content\/uploads\/2022\/07\/Parte-Vojtech-Panacek-1085x1536.jpg 1085w, https:\/\/www.spsf.cz\/wp-content\/uploads\/2022\/07\/Parte-Vojtech-Panacek.jpg 1190w\" sizes=\"auto, (max-width: 724px) 100vw, 724px\" \/><\/a><\/figure>\n","protected":false},"excerpt":{"rendered":"","protected":false},"author":1,"featured_media":0,"parent":504,"menu_order":0,"comment_status":"closed","ping_status":"closed","template":"","meta":{"ngg_post_thumbnail":0,"footnotes":""},"class_list":["post-9545","page","type-page","status-publish","hentry"],"_links":{"self":[{"href":"https:\/\/www.spsf.cz\/index.php?rest_route=\/wp\/v2\/pages\/9545","targetHints":{"allow":["GET"]}}],"collection":[{"href":"https:\/\/www.spsf.cz\/index.php?rest_route=\/wp\/v2\/pages"}],"about":[{"href":"https:\/\/www.spsf.cz\/index.php?rest_route=\/wp\/v2\/types\/page"}],"author":[{"embeddable":true,"href":"https:\/\/www.spsf.cz\/index.php?rest_route=\/wp\/v2\/users\/1"}],"replies":[{"embeddable":true,"href":"https:\/\/www.spsf.cz\/index.php?rest_route=%2Fwp%2Fv2%2Fcomments&post=9545"}],"version-history":[{"count":1,"href":"https:\/\/www.spsf.cz\/index.php?rest_route=\/wp\/v2\/pages\/9545\/revisions"}],"predecessor-version":[{"id":9548,"href":"https:\/\/www.spsf.cz\/index.php?rest_route=\/wp\/v2\/pages\/9545\/revisions\/9548"}],"up":[{"embeddable":true,"href":"https:\/\/www.spsf.cz\/index.php?rest_route=\/wp\/v2\/pages\/504"}],"wp:attachment":[{"href":"https:\/\/www.spsf.cz\/index.php?rest_route=%2Fwp%2Fv2%2Fmedia&parent=9545"}],"curies":[{"name":"wp","href":"https:\/\/api.w.org\/{rel}","templated":true}]}}