{"id":9560,"date":"2022-11-14T11:56:48","date_gmt":"2022-11-14T10:56:48","guid":{"rendered":"https:\/\/www.spsf.cz\/?page_id=9560"},"modified":"2022-11-14T12:24:30","modified_gmt":"2022-11-14T11:24:30","slug":"upozorneni-na-nove-stranky-spoluzaku","status":"publish","type":"page","link":"https:\/\/www.spsf.cz\/?page_id=9560","title":{"rendered":"Upozorn\u011bn\u00ed na nov\u00e9 str\u00e1nky spolu\u017e\u00e1k\u016f \u010cimelick\u00fd film\u00e1k"},"content":{"rendered":"\n<p>( info od Dusana Trsteneho)<\/p>\n\n\n\n<p><a href=\"https:\/\/www.facebook.com\/groups\/361272626181864\">https:\/\/www.facebook.com\/groups\/361272626181864<\/a><\/p>\n","protected":false},"excerpt":{"rendered":"<p>( info od Dusana Trsteneho) https:\/\/www.facebook.com\/groups\/361272626181864<\/p>\n","protected":false},"author":1,"featured_media":0,"parent":243,"menu_order":0,"comment_status":"closed","ping_status":"closed","template":"","meta":{"ngg_post_thumbnail":0,"footnotes":""},"class_list":["post-9560","page","type-page","status-publish","hentry"],"_links":{"self":[{"href":"https:\/\/www.spsf.cz\/index.php?rest_route=\/wp\/v2\/pages\/9560","targetHints":{"allow":["GET"]}}],"collection":[{"href":"https:\/\/www.spsf.cz\/index.php?rest_route=\/wp\/v2\/pages"}],"about":[{"href":"https:\/\/www.spsf.cz\/index.php?rest_route=\/wp\/v2\/types\/page"}],"author":[{"embeddable":true,"href":"https:\/\/www.spsf.cz\/index.php?rest_route=\/wp\/v2\/users\/1"}],"replies":[{"embeddable":true,"href":"https:\/\/www.spsf.cz\/index.php?rest_route=%2Fwp%2Fv2%2Fcomments&post=9560"}],"version-history":[{"count":3,"href":"https:\/\/www.spsf.cz\/index.php?rest_route=\/wp\/v2\/pages\/9560\/revisions"}],"predecessor-version":[{"id":9567,"href":"https:\/\/www.spsf.cz\/index.php?rest_route=\/wp\/v2\/pages\/9560\/revisions\/9567"}],"up":[{"embeddable":true,"href":"https:\/\/www.spsf.cz\/index.php?rest_route=\/wp\/v2\/pages\/243"}],"wp:attachment":[{"href":"https:\/\/www.spsf.cz\/index.php?rest_route=%2Fwp%2Fv2%2Fmedia&parent=9560"}],"curies":[{"name":"wp","href":"https:\/\/api.w.org\/{rel}","templated":true}]}}