{"id":9759,"date":"2026-05-12T14:13:55","date_gmt":"2026-05-12T13:13:55","guid":{"rendered":"https:\/\/www.spsf.cz\/?page_id=9759"},"modified":"2026-05-12T14:41:36","modified_gmt":"2026-05-12T13:41:36","slug":"50-vyroci-rocniku-1972-76","status":"publish","type":"page","link":"https:\/\/www.spsf.cz\/","title":{"rendered":"50 v\u00fdro\u010d\u00ed ro\u010dn\u00edku 1972-76"},"content":{"rendered":"\n<figure class=\"wp-block-image size-large\"><a href=\"https:\/\/www.spsf.cz\/wp-content\/uploads\/2026\/05\/Pozvanka-50-1972-76.jpg\"><img loading=\"lazy\" decoding=\"async\" width=\"724\" height=\"1024\" src=\"https:\/\/www.spsf.cz\/wp-content\/uploads\/2026\/05\/Pozvanka-50-1972-76-724x1024.jpg\" alt=\"\" class=\"wp-image-9760\" srcset=\"https:\/\/www.spsf.cz\/wp-content\/uploads\/2026\/05\/Pozvanka-50-1972-76-724x1024.jpg 724w, https:\/\/www.spsf.cz\/wp-content\/uploads\/2026\/05\/Pozvanka-50-1972-76-212x300.jpg 212w, https:\/\/www.spsf.cz\/wp-content\/uploads\/2026\/05\/Pozvanka-50-1972-76-768x1086.jpg 768w, https:\/\/www.spsf.cz\/wp-content\/uploads\/2026\/05\/Pozvanka-50-1972-76-1086x1536.jpg 1086w, https:\/\/www.spsf.cz\/wp-content\/uploads\/2026\/05\/Pozvanka-50-1972-76.jpg 1190w\" sizes=\"auto, (max-width: 724px) 100vw, 724px\" \/><\/a><\/figure>\n","protected":false},"excerpt":{"rendered":"","protected":false},"author":1,"featured_media":0,"parent":0,"menu_order":0,"comment_status":"closed","ping_status":"closed","template":"","meta":{"ngg_post_thumbnail":0,"footnotes":""},"class_list":["post-9759","page","type-page","status-publish","hentry"],"_links":{"self":[{"href":"https:\/\/www.spsf.cz\/index.php?rest_route=\/wp\/v2\/pages\/9759","targetHints":{"allow":["GET"]}}],"collection":[{"href":"https:\/\/www.spsf.cz\/index.php?rest_route=\/wp\/v2\/pages"}],"about":[{"href":"https:\/\/www.spsf.cz\/index.php?rest_route=\/wp\/v2\/types\/page"}],"author":[{"embeddable":true,"href":"https:\/\/www.spsf.cz\/index.php?rest_route=\/wp\/v2\/users\/1"}],"replies":[{"embeddable":true,"href":"https:\/\/www.spsf.cz\/index.php?rest_route=%2Fwp%2Fv2%2Fcomments&post=9759"}],"version-history":[{"count":1,"href":"https:\/\/www.spsf.cz\/index.php?rest_route=\/wp\/v2\/pages\/9759\/revisions"}],"predecessor-version":[{"id":9762,"href":"https:\/\/www.spsf.cz\/index.php?rest_route=\/wp\/v2\/pages\/9759\/revisions\/9762"}],"wp:attachment":[{"href":"https:\/\/www.spsf.cz\/index.php?rest_route=%2Fwp%2Fv2%2Fmedia&parent=9759"}],"curies":[{"name":"wp","href":"https:\/\/api.w.org\/{rel}","templated":true}]}}